{"id":5864,"date":"2024-02-06T07:14:54","date_gmt":"2024-02-06T07:14:54","guid":{"rendered":"https:\/\/wpachem.com\/?post_type=product&#038;p=5864"},"modified":"2024-02-06T07:21:53","modified_gmt":"2024-02-06T07:21:53","slug":"4-oxadocosane-1-2-diol-cas-544-62-7","status":"publish","type":"product","link":"https:\/\/wpachem.com\/tr\/urun\/4-oxadocosane-1-2-diol-cas-544-62-7\/","title":{"rendered":"4-Oksadokozan-1 2-diol CAS 544-62-7"},"content":{"rendered":"<p>Beyaz kristal tozdur.<\/p>\n<p><strong>Ba\u015fvuru<\/strong><\/p>\n<p>A vitamini ailesinin bir \u00fcyesidir ve v\u00fccudun normal fizyolojik i\u015flevlerini s\u00fcrd\u00fcrmesi i\u00e7in gereklidir. \u0130nsan v\u00fccudunda g\u00f6rsel s\u00fcre\u00e7lerde, b\u00fcy\u00fcme ve geli\u015fmede, ba\u011f\u0131\u015f\u0131kl\u0131k tepkisinde, h\u00fccre farkl\u0131la\u015fmas\u0131nda ve cilt ve mukoza zar\u0131 sa\u011fl\u0131\u011f\u0131n\u0131n korunmas\u0131nda \u00f6nemli bir rol oynar. \u00d6zellikle g\u00f6z ve cilt sa\u011fl\u0131\u011f\u0131 i\u00e7in \u00f6nemlidir.<\/p>\n<p><strong>Paketleme ve Depolama<\/strong><\/p>\n<p>25 KG\/TORBA<\/p>\n<p>25 KG\/VAR\u0130L<\/p>","protected":false},"excerpt":{"rendered":"<p>\u00dcr\u00fcn ad\u0131: 4-Oksadokozan-1 2-diol<\/p>\n<p>CAS:544-62-7<\/p>\n<p>MF:C21H44O3<\/p>\n<p>G\u00f6r\u00fcn\u00fcm: Beyaz kristal toz<\/p>","protected":false},"featured_media":2181,"template":"","meta":{"_acf_changed":false,"_gspb_post_css":""},"product_brand":[],"product_cat":[55,103],"product_tag":[],"class_list":{"0":"post-5864","1":"product","2":"type-product","3":"status-publish","4":"has-post-thumbnail","6":"product_cat-food-additives","7":"product_cat-nutrition-enhancer","9":"first","10":"instock","11":"shipping-taxable","12":"product-type-simple"},"acf":[],"_links":{"self":[{"href":"https:\/\/wpachem.com\/tr\/wp-json\/wp\/v2\/product\/5864","targetHints":{"allow":["GET"]}}],"collection":[{"href":"https:\/\/wpachem.com\/tr\/wp-json\/wp\/v2\/product"}],"about":[{"href":"https:\/\/wpachem.com\/tr\/wp-json\/wp\/v2\/types\/product"}],"version-history":[{"count":0,"href":"https:\/\/wpachem.com\/tr\/wp-json\/wp\/v2\/product\/5864\/revisions"}],"wp:featuredmedia":[{"embeddable":true,"href":"https:\/\/wpachem.com\/tr\/wp-json\/wp\/v2\/media\/2181"}],"wp:attachment":[{"href":"https:\/\/wpachem.com\/tr\/wp-json\/wp\/v2\/media?parent=5864"}],"wp:term":[{"taxonomy":"product_brand","embeddable":true,"href":"https:\/\/wpachem.com\/tr\/wp-json\/wp\/v2\/product_brand?post=5864"},{"taxonomy":"product_cat","embeddable":true,"href":"https:\/\/wpachem.com\/tr\/wp-json\/wp\/v2\/product_cat?post=5864"},{"taxonomy":"product_tag","embeddable":true,"href":"https:\/\/wpachem.com\/tr\/wp-json\/wp\/v2\/product_tag?post=5864"}],"curies":[{"name":"wp","href":"https:\/\/api.w.org\/{rel}","templated":true}]}}