{"id":5866,"date":"2024-02-06T07:22:01","date_gmt":"2024-02-06T07:22:01","guid":{"rendered":"https:\/\/wpachem.com\/?post_type=product&#038;p=5866"},"modified":"2024-02-06T07:29:34","modified_gmt":"2024-02-06T07:29:34","slug":"2-hydroxyethyl-acrylate-cas-818-61-1","status":"publish","type":"product","link":"https:\/\/wpachem.com\/tr\/urun\/2-hydroxyethyl-acrylate-cas-818-61-1\/","title":{"rendered":"2-Hidroksietil akrilat CAS 818-61-1"},"content":{"rendered":"<p>Renksiz, \u015feffaf bir s\u0131v\u0131d\u0131r.<\/p>\n<p><strong>Ba\u015fvuru<\/strong><\/p>\n<p>Kaplama ve yap\u0131\u015ft\u0131r\u0131c\u0131larda monomer veya \u00e7apraz ba\u011flay\u0131c\u0131 olarak kullan\u0131labilir.<br \/>\n\u00c7e\u015fitli pigmentlerin, re\u00e7inelerin, plastiklerin ve kau\u00e7uklar\u0131n sentezlenmesinde kullan\u0131labilir.<br \/>\n\u0130la\u00e7, pestisit ve y\u00fczey aktif maddelerinin haz\u0131rlanmas\u0131nda kullan\u0131labilir.<br \/>\nI\u015f\u0131\u011fa duyarl\u0131 polimerlerde \u0131\u015f\u0131k stabilizat\u00f6r\u00fc olarak kullan\u0131labilir.<\/p>\n<p><strong>Paketleme ve Depolama<\/strong><\/p>\n<p>25 KG\/VAR\u0130L<\/p>","protected":false},"excerpt":{"rendered":"<p>\u00dcr\u00fcn ad\u0131: 2-Hidroksietil akrilat<\/p>\n<p>CAS:818-61-1<\/p>\n<p>MF:C5H8O3<\/p>\n<p>G\u00f6r\u00fcn\u00fcm: renksiz \u015feffaf s\u0131v\u0131<\/p>","protected":false},"featured_media":2089,"template":"","meta":{"_acf_changed":false,"_gspb_post_css":""},"product_brand":[],"product_cat":[62,76,69],"product_tag":[],"class_list":{"0":"post-5866","1":"product","2":"type-product","3":"status-publish","4":"has-post-thumbnail","6":"product_cat-rubberplastic-ingredients","7":"product_cat-others","8":"product_cat-more","10":"first","11":"instock","12":"shipping-taxable","13":"product-type-simple"},"acf":[],"_links":{"self":[{"href":"https:\/\/wpachem.com\/tr\/wp-json\/wp\/v2\/product\/5866","targetHints":{"allow":["GET"]}}],"collection":[{"href":"https:\/\/wpachem.com\/tr\/wp-json\/wp\/v2\/product"}],"about":[{"href":"https:\/\/wpachem.com\/tr\/wp-json\/wp\/v2\/types\/product"}],"version-history":[{"count":0,"href":"https:\/\/wpachem.com\/tr\/wp-json\/wp\/v2\/product\/5866\/revisions"}],"wp:featuredmedia":[{"embeddable":true,"href":"https:\/\/wpachem.com\/tr\/wp-json\/wp\/v2\/media\/2089"}],"wp:attachment":[{"href":"https:\/\/wpachem.com\/tr\/wp-json\/wp\/v2\/media?parent=5866"}],"wp:term":[{"taxonomy":"product_brand","embeddable":true,"href":"https:\/\/wpachem.com\/tr\/wp-json\/wp\/v2\/product_brand?post=5866"},{"taxonomy":"product_cat","embeddable":true,"href":"https:\/\/wpachem.com\/tr\/wp-json\/wp\/v2\/product_cat?post=5866"},{"taxonomy":"product_tag","embeddable":true,"href":"https:\/\/wpachem.com\/tr\/wp-json\/wp\/v2\/product_tag?post=5866"}],"curies":[{"name":"wp","href":"https:\/\/api.w.org\/{rel}","templated":true}]}}