{"id":5869,"date":"2024-01-11T09:54:20","date_gmt":"2024-01-11T09:54:20","guid":{"rendered":"https:\/\/wpapigments.com\/?post_type=product&amp;p=5869"},"modified":"2024-01-11T09:54:20","modified_gmt":"2024-01-11T09:54:20","slug":"pigment-red-101","status":"publish","type":"product","link":"https:\/\/wpachem.com\/tr\/urun\/pigment-red-101\/","title":{"rendered":"Demir Oksit Sar\u0131 313"},"content":{"rendered":"<p><b>\u00dcr\u00fcn ad\u0131:<\/b><\/p>\n<p>Demir Oksit Sar\u0131 313<\/p>\n<p><b>Karakter:<\/b><br \/>\nPigment Red 185, iyi boyama \u00f6zelliklerine ve parlak renklere sahip k\u0131rm\u0131z\u0131 bir tozdur<\/p>\n<p><b>Fiziksel ve kimyasal \u00f6zellikler:<\/b><\/p>\n<table width=\"753\">\n<tbody>\n<tr>\n<td colspan=\"2\" rowspan=\"2\" width=\"334\">\u7269\u5316\u6570\u636e<br \/>\nFiziksel Veriler<\/td>\n<td width=\"239\">Yo\u011funluk g\/CM3<\/td>\n<td width=\"180\">1.35-1.50<\/td>\n<\/tr>\n<tr>\n<td width=\"239\">\u5438\u6cb9\u91cf Ya\u011f Absorbsiyonu ml\/100g<\/td>\n<td width=\"180\">70-90<\/td>\n<\/tr>\n<tr>\n<td colspan=\"2\" rowspan=\"7\" width=\"334\">Amerika Birle\u015fik Devletleri<br \/>\nH\u0131zl\u0131l\u0131k \u00d6zellikleri<\/td>\n<td width=\"239\">I\u015f\u0131k Hasl\u0131\u011f\u0131<\/td>\n<td width=\"180\">7<\/td>\n<\/tr>\n<tr>\n<td width=\"239\">Is\u0131 Direnci<\/td>\n<td width=\"180\">200<\/td>\n<\/tr>\n<tr>\n<td width=\"239\">Suya Dayan\u0131kl\u0131l\u0131k<\/td>\n<td width=\"180\">5<\/td>\n<\/tr>\n<tr>\n<td width=\"239\">Ya\u011f Direnci<\/td>\n<td width=\"180\">5<\/td>\n<\/tr>\n<tr>\n<td width=\"239\">Asit Direnci<\/td>\n<td width=\"180\">5<\/td>\n<\/tr>\n<tr>\n<td width=\"239\">Alkali Direnci<\/td>\n<td width=\"180\">5<\/td>\n<\/tr>\n<tr>\n<td width=\"239\">Alkol Direnci<\/td>\n<td width=\"180\">5<\/td>\n<\/tr>\n<\/tbody>\n<\/table>\n<p>&nbsp;<\/p>\n<p><strong>Ba\u015fvuru:<\/strong><\/p>\n<p>Esas olarak boya, plastik, m\u00fcrekkep i\u00e7in kullan\u0131l\u0131r<\/p>\n<p>1) Boya Kullan\u0131m\u0131: End\u00fcstriyel Boya, Toz Boya, Oto Boyas\u0131, Dekoratif Kaplama, Su Bazl\u0131 Boyama<\/p>\n<p>2) Plastik Kullan\u0131m\u0131: PVC, PP, PE, PS, ABS, EVA, KAU\u00c7UK<\/p>\n<p>3)M\u00fcrekkep Kullan\u0131m\u0131: Ofset M\u00fcrekkep, Su Bazl\u0131 M\u00fcrekkep, Solvent Bazl\u0131 M\u00fcrekkep<\/p>","protected":false},"excerpt":{"rendered":"<p><strong>\u00dcr\u00fcn Ad\u0131:<\/strong> Pigment K\u0131rm\u0131z\u0131 185<\/p>\n<p><strong>Renk \u0130ndeksi:<\/strong> PR185<\/p>\n<p><strong>D\u0131\u015f g\u00f6r\u00fcn\u00fc\u015f:<\/strong> K\u0131rm\u0131z\u0131 toz<\/p>\n<p><strong>CAS No:51920-12-8<\/strong><\/p>\n<p><strong>Di\u011fer Ad\u0131:<\/strong><\/p>\n<p>Derin K\u0131z\u0131l<br \/>\n\u015eakay\u0131k K\u0131rm\u0131z\u0131s\u0131 [HO]<br \/>\npigment k\u0131rm\u0131z\u0131 185<br \/>\npigment k\u0131rm\u0131z\u0131 hf4c<br \/>\nKal\u0131c\u0131 Karmin HF-4C<br \/>\nKal\u0131c\u0131 Karmin HF4C<\/p>\n<dl><\/dl>\n<p>&nbsp;<\/p>\n<p>&nbsp;<\/p>\n<p>&nbsp;<\/p>\n<p>&nbsp;<\/p>","protected":false},"featured_media":7620,"template":"","meta":{"_acf_changed":false,"_gspb_post_css":""},"product_brand":[],"product_cat":[161,162,163],"product_tag":[],"class_list":{"0":"post-5869","1":"product","2":"type-product","3":"status-publish","4":"has-post-thumbnail","6":"product_cat-for-plastics","7":"product_cat-for-inks","8":"product_cat-for-paints-and-coatings","10":"first","11":"instock","12":"shipping-taxable","13":"product-type-simple"},"acf":[],"_links":{"self":[{"href":"https:\/\/wpachem.com\/tr\/wp-json\/wp\/v2\/product\/5869","targetHints":{"allow":["GET"]}}],"collection":[{"href":"https:\/\/wpachem.com\/tr\/wp-json\/wp\/v2\/product"}],"about":[{"href":"https:\/\/wpachem.com\/tr\/wp-json\/wp\/v2\/types\/product"}],"version-history":[{"count":0,"href":"https:\/\/wpachem.com\/tr\/wp-json\/wp\/v2\/product\/5869\/revisions"}],"wp:featuredmedia":[{"embeddable":true,"href":"https:\/\/wpachem.com\/tr\/wp-json\/wp\/v2\/media\/7620"}],"wp:attachment":[{"href":"https:\/\/wpachem.com\/tr\/wp-json\/wp\/v2\/media?parent=5869"}],"wp:term":[{"taxonomy":"product_brand","embeddable":true,"href":"https:\/\/wpachem.com\/tr\/wp-json\/wp\/v2\/product_brand?post=5869"},{"taxonomy":"product_cat","embeddable":true,"href":"https:\/\/wpachem.com\/tr\/wp-json\/wp\/v2\/product_cat?post=5869"},{"taxonomy":"product_tag","embeddable":true,"href":"https:\/\/wpachem.com\/tr\/wp-json\/wp\/v2\/product_tag?post=5869"}],"curies":[{"name":"wp","href":"https:\/\/api.w.org\/{rel}","templated":true}]}}