{"id":5870,"date":"2024-02-06T07:32:55","date_gmt":"2024-02-06T07:32:55","guid":{"rendered":"https:\/\/wpachem.com\/?post_type=product&#038;p=5870"},"modified":"2024-02-06T07:32:56","modified_gmt":"2024-02-06T07:32:56","slug":"lily-aldehyde-cas-80-54-6","status":"publish","type":"product","link":"https:\/\/wpachem.com\/tr\/urun\/lily-aldehyde-cas-80-54-6\/","title":{"rendered":"zambak aldehit CAS 80-54-6"},"content":{"rendered":"<p><strong>\u00d6zellik<\/strong><\/p>\n<p>\u00c7i\u00e7eksi bir kokuya sahip renksiz ila a\u00e7\u0131k sar\u0131. Vadi zamba\u011f\u0131, yasemin orkidesi, oryantal lezzet, \u00e7i\u00e7ek kar\u0131\u015f\u0131m\u0131 i\u00e7in kullan\u0131l\u0131r<\/p>\n<p><strong>Ba\u015fvuru:<\/strong><\/p>\n<ol>\n<li>Kozmetiklerde yayg\u0131n olarak kullan\u0131l\u0131r, sabun aromas\u0131. Di\u011fer \u00e7i\u00e7eklerle payla\u015f\u0131labilen \u00e7ok g\u00fczel bir kokusu vard\u0131r ve iyi bir aroma uyumuna sahiptir ve di\u011fer \u00e7i\u00e7ekler, misk ve odun aromas\u0131 baharatlar\u0131 iyi ayarlanabilir.<\/li>\n<li>Zambak, vadi zamba\u011f\u0131, leylak, portakal \u00e7i\u00e7e\u011fi, manolya, plumeria, odunsu \u00e7i\u00e7ek, tatl\u0131 fasulye \u00e7i\u00e7e\u011fi tipi aromalarda yayg\u0131n olarak kullan\u0131labilir ve ayr\u0131ca d\u00fcz kalp orkide, t\u00fcts\u00fc oryantal tipi, odunsu tip, misk bazl\u0131 ve fantezi tipi aromalarda da kullan\u0131labilir.<\/li>\n<\/ol>","protected":false},"excerpt":{"rendered":"<p>\u00dcr\u00fcn ad\u0131: lily aldehit<\/p>\n<p>Kasa numaras\u0131: 80-54-6<\/p>\n<p>MF: C14H20O<\/p>\n<p>G\u00f6r\u00fcn\u00fcm: Renksiz ila a\u00e7\u0131k sar\u0131<\/p>","protected":false},"featured_media":5867,"template":"","meta":{"_acf_changed":false,"_gspb_post_css":""},"product_brand":[],"product_cat":[61],"product_tag":[],"class_list":{"0":"post-5870","1":"product","2":"type-product","3":"status-publish","4":"has-post-thumbnail","6":"product_cat-flavor-and-fragrance","8":"first","9":"instock","10":"shipping-taxable","11":"product-type-simple"},"acf":[],"_links":{"self":[{"href":"https:\/\/wpachem.com\/tr\/wp-json\/wp\/v2\/product\/5870","targetHints":{"allow":["GET"]}}],"collection":[{"href":"https:\/\/wpachem.com\/tr\/wp-json\/wp\/v2\/product"}],"about":[{"href":"https:\/\/wpachem.com\/tr\/wp-json\/wp\/v2\/types\/product"}],"version-history":[{"count":0,"href":"https:\/\/wpachem.com\/tr\/wp-json\/wp\/v2\/product\/5870\/revisions"}],"wp:featuredmedia":[{"embeddable":true,"href":"https:\/\/wpachem.com\/tr\/wp-json\/wp\/v2\/media\/5867"}],"wp:attachment":[{"href":"https:\/\/wpachem.com\/tr\/wp-json\/wp\/v2\/media?parent=5870"}],"wp:term":[{"taxonomy":"product_brand","embeddable":true,"href":"https:\/\/wpachem.com\/tr\/wp-json\/wp\/v2\/product_brand?post=5870"},{"taxonomy":"product_cat","embeddable":true,"href":"https:\/\/wpachem.com\/tr\/wp-json\/wp\/v2\/product_cat?post=5870"},{"taxonomy":"product_tag","embeddable":true,"href":"https:\/\/wpachem.com\/tr\/wp-json\/wp\/v2\/product_tag?post=5870"}],"curies":[{"name":"wp","href":"https:\/\/api.w.org\/{rel}","templated":true}]}}