{"id":5872,"date":"2024-02-06T07:29:44","date_gmt":"2024-02-06T07:29:44","guid":{"rendered":"https:\/\/wpachem.com\/?post_type=product&#038;p=5872"},"modified":"2024-02-06T07:41:37","modified_gmt":"2024-02-06T07:41:37","slug":"glabridin-cas-59870-68-7","status":"publish","type":"product","link":"https:\/\/wpachem.com\/tr\/urun\/glabridin-cas-59870-68-7\/","title":{"rendered":"Glabridin CAS 59870-68-7"},"content":{"rendered":"<p>Beyaz bir tozdur.<\/p>\n<p><strong>Ba\u015fvuru<\/strong><\/p>\n<p>Glisirizin, yiyecek ve i\u00e7eceklere aroma ve tatl\u0131l\u0131k katmak amac\u0131yla meyan k\u00f6k\u00fc yerine kullan\u0131labilir.<\/p>\n<p>Glisirizin baz\u0131 ila\u00e7larda katk\u0131 maddesi olarak da kullan\u0131l\u0131r ve iltihap giderici, antioksidan ve antibakteriyel \u00f6zelliklere sahiptir.<\/p>\n<p>Glisirizin kozmetiklerde beyazlat\u0131c\u0131 etki sa\u011flamak amac\u0131yla kullan\u0131labilir.<\/p>\n<p><strong>Paketleme ve Depolama<\/strong><\/p>\n<p>1 KG\/TORBA<\/p>\n<p>&nbsp;<\/p>","protected":false},"excerpt":{"rendered":"<p>\u00dcr\u00fcn ad\u0131: Glabridin<\/p>\n<p>CAS:59870-68-7<\/p>\n<p>MF:C20H20O4<\/p>\n<p>G\u00f6r\u00fcn\u00fcm: beyaz toz<\/p>","protected":false},"featured_media":5179,"template":"","meta":{"_acf_changed":false,"_gspb_post_css":""},"product_brand":[],"product_cat":[55,129,56,60],"product_tag":[],"class_list":{"0":"post-5872","1":"product","2":"type-product","3":"status-publish","4":"has-post-thumbnail","6":"product_cat-food-additives","7":"product_cat-whitening-agent","8":"product_cat-sweetener","9":"product_cat-cosmetic-ingredients","11":"first","12":"instock","13":"shipping-taxable","14":"product-type-simple"},"acf":[],"_links":{"self":[{"href":"https:\/\/wpachem.com\/tr\/wp-json\/wp\/v2\/product\/5872","targetHints":{"allow":["GET"]}}],"collection":[{"href":"https:\/\/wpachem.com\/tr\/wp-json\/wp\/v2\/product"}],"about":[{"href":"https:\/\/wpachem.com\/tr\/wp-json\/wp\/v2\/types\/product"}],"version-history":[{"count":0,"href":"https:\/\/wpachem.com\/tr\/wp-json\/wp\/v2\/product\/5872\/revisions"}],"wp:featuredmedia":[{"embeddable":true,"href":"https:\/\/wpachem.com\/tr\/wp-json\/wp\/v2\/media\/5179"}],"wp:attachment":[{"href":"https:\/\/wpachem.com\/tr\/wp-json\/wp\/v2\/media?parent=5872"}],"wp:term":[{"taxonomy":"product_brand","embeddable":true,"href":"https:\/\/wpachem.com\/tr\/wp-json\/wp\/v2\/product_brand?post=5872"},{"taxonomy":"product_cat","embeddable":true,"href":"https:\/\/wpachem.com\/tr\/wp-json\/wp\/v2\/product_cat?post=5872"},{"taxonomy":"product_tag","embeddable":true,"href":"https:\/\/wpachem.com\/tr\/wp-json\/wp\/v2\/product_tag?post=5872"}],"curies":[{"name":"wp","href":"https:\/\/api.w.org\/{rel}","templated":true}]}}