{"id":5874,"date":"2024-02-06T07:42:45","date_gmt":"2024-02-06T07:42:45","guid":{"rendered":"https:\/\/wpachem.com\/?post_type=product&#038;p=5874"},"modified":"2024-02-06T07:42:45","modified_gmt":"2024-02-06T07:42:45","slug":"guaiacol-cas-90-05-1","status":"publish","type":"product","link":"https:\/\/wpachem.com\/tr\/urun\/guaiacol-cas-90-05-1\/","title":{"rendered":"Guaiakol CAS 90-05-1"},"content":{"rendered":"<p><strong>\u00d6zellik<\/strong><\/p>\n<p>Beyaz veya sar\u0131ms\u0131 kristal veya renksiz ila sar\u0131ms\u0131 \u015feffaf ya\u011fl\u0131 s\u0131v\u0131. \u00d6zel bir aromas\u0131 vard\u0131r. Su ve benzende az \u00e7\u00f6z\u00fcn\u00fcr. Gliserolde \u00e7\u00f6z\u00fcn\u00fcr. Etanol, eter, kloroform, ya\u011f, buzlu asetik asitle kar\u0131\u015fabilir. Berrak renksiz ila a\u00e7\u0131k sar\u0131, 1.00% dipropilen glikol \u00e7\u00f6zeltisi. Fenolik koku, odunsu koku<\/p>\n<p><strong>Ba\u015fvuru:<\/strong><\/p>\n<ol>\n<li>\u0130la\u00e7, boya ve koku ara \u00fcr\u00fcnlerinde kullan\u0131l\u0131r<\/li>\n<li>Boyalar\u0131n sentezinde ve analitik reaktif olarak kullan\u0131l\u0131r<\/li>\n<li>T\u0131pta, guaiacol-sulfonate kalsiyum yapmak i\u00e7in kullan\u0131l\u0131r ve koku end\u00fcstrisinde, vanilin ve yapay misk yapmak i\u00e7in kullan\u0131l\u0131r. Bak\u0131r, hidrosiyanik asit ve nitrit i\u00e7in test<\/li>\n<\/ol>","protected":false},"excerpt":{"rendered":"<p>\u00dcr\u00fcn ad\u0131: Guaiacol<\/p>\n<p>Cas no.: 90-05-1<\/p>\n<p>MF: C7H8O2<\/p>\n<p>G\u00f6r\u00fcn\u00fcm: sar\u0131ms\u0131 \u015feffaf ya\u011fl\u0131 s\u0131v\u0131<\/p>","protected":false},"featured_media":4878,"template":"","meta":{"_acf_changed":false,"_gspb_post_css":""},"product_brand":[],"product_cat":[61],"product_tag":[],"class_list":{"0":"post-5874","1":"product","2":"type-product","3":"status-publish","4":"has-post-thumbnail","6":"product_cat-flavor-and-fragrance","8":"first","9":"instock","10":"shipping-taxable","11":"product-type-simple"},"acf":[],"_links":{"self":[{"href":"https:\/\/wpachem.com\/tr\/wp-json\/wp\/v2\/product\/5874","targetHints":{"allow":["GET"]}}],"collection":[{"href":"https:\/\/wpachem.com\/tr\/wp-json\/wp\/v2\/product"}],"about":[{"href":"https:\/\/wpachem.com\/tr\/wp-json\/wp\/v2\/types\/product"}],"version-history":[{"count":0,"href":"https:\/\/wpachem.com\/tr\/wp-json\/wp\/v2\/product\/5874\/revisions"}],"wp:featuredmedia":[{"embeddable":true,"href":"https:\/\/wpachem.com\/tr\/wp-json\/wp\/v2\/media\/4878"}],"wp:attachment":[{"href":"https:\/\/wpachem.com\/tr\/wp-json\/wp\/v2\/media?parent=5874"}],"wp:term":[{"taxonomy":"product_brand","embeddable":true,"href":"https:\/\/wpachem.com\/tr\/wp-json\/wp\/v2\/product_brand?post=5874"},{"taxonomy":"product_cat","embeddable":true,"href":"https:\/\/wpachem.com\/tr\/wp-json\/wp\/v2\/product_cat?post=5874"},{"taxonomy":"product_tag","embeddable":true,"href":"https:\/\/wpachem.com\/tr\/wp-json\/wp\/v2\/product_tag?post=5874"}],"curies":[{"name":"wp","href":"https:\/\/api.w.org\/{rel}","templated":true}]}}