{"id":5878,"date":"2024-02-06T07:42:00","date_gmt":"2024-02-06T07:42:00","guid":{"rendered":"https:\/\/wpachem.com\/?post_type=product&#038;p=5878"},"modified":"2024-02-06T07:46:07","modified_gmt":"2024-02-06T07:46:07","slug":"sunflower-seed-oil-cas-8001-21-6","status":"publish","type":"product","link":"https:\/\/wpachem.com\/tr\/urun\/sunflower-seed-oil-cas-8001-21-6\/","title":{"rendered":"AY\u00c7\u0130\u00c7E\u011e\u0130 TOHUMU YA\u011eI CAS 8001-21-6"},"content":{"rendered":"<p>A\u00e7\u0131k sar\u0131 renkli ya\u011fl\u0131 bir s\u0131v\u0131d\u0131r.<\/p>\n<p><strong>Ba\u015fvuru<\/strong><\/p>\n<p>1. Yenilebilir: Ay\u00e7i\u00e7e\u011fi \u00e7ekirde\u011fi ya\u011f\u0131, E vitamini, linoleik asit ve doymam\u0131\u015f ya\u011f asitleri a\u00e7\u0131s\u0131ndan zengin, kardiyovask\u00fcler ve serebrovask\u00fcler sa\u011fl\u0131\u011fa faydal\u0131 sa\u011fl\u0131kl\u0131 bir bitkisel ya\u011fd\u0131r. Genellikle yemeklik ya\u011f olarak kullan\u0131l\u0131r ve soteleme, \u0131zgara, salata sosu yapma vb. i\u00e7in kullan\u0131labilir.<br \/>\n2. Kozmetikler: Ay\u00e7i\u00e7ek ya\u011f\u0131, nemlendirici, antioksidan ve cilt besleyici \u00f6zelliklerinden dolay\u0131 cilt bak\u0131m\u0131, sa\u00e7 bak\u0131m\u0131 ve v\u00fccut bak\u0131m \u00fcr\u00fcnlerinde yayg\u0131n olarak kullan\u0131lmaktad\u0131r.<br \/>\n3. Sanayi: Ay\u00e7i\u00e7ek ya\u011f\u0131n\u0131n y\u00fcksek s\u0131cakl\u0131k kararl\u0131l\u0131\u011f\u0131 ve d\u00fc\u015f\u00fck emdirilme \u00f6zelli\u011fi onu ya\u011flay\u0131c\u0131lar, kaplamalar ve biyoyak\u0131tlar i\u00e7in ideal bir ikame haline getirir.<\/p>\n<p><strong>Paketleme ve Depolama<\/strong><\/p>\n<p>25 KG\/VAR\u0130L<\/p>\n<p>&nbsp;<\/p>","protected":false},"excerpt":{"rendered":"<p>\u00dcr\u00fcn ad\u0131: AY\u00c7\u0130\u00c7E\u011e\u0130 YA\u011eI<\/p>\n<p>CAS:8001-21-6<\/p>\n<p>G\u00f6r\u00fcn\u00fcm: a\u00e7\u0131k sar\u0131 ya\u011fl\u0131 s\u0131v\u0131<\/p>","protected":false},"featured_media":3322,"template":"","meta":{"_acf_changed":false,"_gspb_post_css":""},"product_brand":[],"product_cat":[55,131,132,101,60],"product_tag":[],"class_list":{"0":"post-5878","1":"product","2":"type-product","3":"status-publish","4":"has-post-thumbnail","6":"product_cat-food-additives","7":"product_cat-antioxidant","8":"product_cat-moisturizing","9":"product_cat-flavour-enhancer-food-additives","10":"product_cat-cosmetic-ingredients","12":"first","13":"instock","14":"shipping-taxable","15":"product-type-simple"},"acf":[],"_links":{"self":[{"href":"https:\/\/wpachem.com\/tr\/wp-json\/wp\/v2\/product\/5878","targetHints":{"allow":["GET"]}}],"collection":[{"href":"https:\/\/wpachem.com\/tr\/wp-json\/wp\/v2\/product"}],"about":[{"href":"https:\/\/wpachem.com\/tr\/wp-json\/wp\/v2\/types\/product"}],"version-history":[{"count":0,"href":"https:\/\/wpachem.com\/tr\/wp-json\/wp\/v2\/product\/5878\/revisions"}],"wp:featuredmedia":[{"embeddable":true,"href":"https:\/\/wpachem.com\/tr\/wp-json\/wp\/v2\/media\/3322"}],"wp:attachment":[{"href":"https:\/\/wpachem.com\/tr\/wp-json\/wp\/v2\/media?parent=5878"}],"wp:term":[{"taxonomy":"product_brand","embeddable":true,"href":"https:\/\/wpachem.com\/tr\/wp-json\/wp\/v2\/product_brand?post=5878"},{"taxonomy":"product_cat","embeddable":true,"href":"https:\/\/wpachem.com\/tr\/wp-json\/wp\/v2\/product_cat?post=5878"},{"taxonomy":"product_tag","embeddable":true,"href":"https:\/\/wpachem.com\/tr\/wp-json\/wp\/v2\/product_tag?post=5878"}],"curies":[{"name":"wp","href":"https:\/\/api.w.org\/{rel}","templated":true}]}}