{"id":5883,"date":"2024-02-06T07:47:04","date_gmt":"2024-02-06T07:47:04","guid":{"rendered":"https:\/\/wpachem.com\/?post_type=product&#038;p=5883"},"modified":"2024-02-06T07:49:10","modified_gmt":"2024-02-06T07:49:10","slug":"l-carnosine-cas-305-84-0","status":"publish","type":"product","link":"https:\/\/wpachem.com\/tr\/urun\/l-carnosine-cas-305-84-0\/","title":{"rendered":"L-Karnosin CAS 305-84-0"},"content":{"rendered":"<p>Beyaz bir tozdur.<\/p>\n<p><strong>Ba\u015fvuru<\/strong><\/p>\n<p>Kozmetikte h\u00fccre hasar\u0131n\u0131 ve oksidatif stresi azaltan antioksidan \u00f6zelli\u011fi vard\u0131r.<br \/>\n\u0130la\u00e7 ve sa\u011fl\u0131k \u00fcr\u00fcnleri, ayr\u0131ca ba\u011f\u0131\u015f\u0131kl\u0131k sistemi fonksiyonunu art\u0131rabilir, cilt dokusunu iyile\u015ftirebilir, yara iyile\u015fmesini h\u0131zland\u0131rabilir ve karaci\u011feri koruyabilir.<\/p>\n<p><strong>Paketleme ve Depolama<\/strong><\/p>\n<p>1 KG\/TORBA<\/p>\n<p>&nbsp;<\/p>","protected":false},"excerpt":{"rendered":"<p>\u00dcr\u00fcn ad\u0131: L-Karnosin<\/p>\n<p>CAS:305-84-0<\/p>\n<p>MF:C9H14N4O3<\/p>\n<p>G\u00f6r\u00fcn\u00fcm: beyaz toz<\/p>","protected":false},"featured_media":5179,"template":"","meta":{"_acf_changed":false,"_gspb_post_css":""},"product_brand":[],"product_cat":[55,131,103,60],"product_tag":[],"class_list":{"0":"post-5883","1":"product","2":"type-product","3":"status-publish","4":"has-post-thumbnail","6":"product_cat-food-additives","7":"product_cat-antioxidant","8":"product_cat-nutrition-enhancer","9":"product_cat-cosmetic-ingredients","11":"first","12":"instock","13":"shipping-taxable","14":"product-type-simple"},"acf":[],"_links":{"self":[{"href":"https:\/\/wpachem.com\/tr\/wp-json\/wp\/v2\/product\/5883","targetHints":{"allow":["GET"]}}],"collection":[{"href":"https:\/\/wpachem.com\/tr\/wp-json\/wp\/v2\/product"}],"about":[{"href":"https:\/\/wpachem.com\/tr\/wp-json\/wp\/v2\/types\/product"}],"version-history":[{"count":0,"href":"https:\/\/wpachem.com\/tr\/wp-json\/wp\/v2\/product\/5883\/revisions"}],"wp:featuredmedia":[{"embeddable":true,"href":"https:\/\/wpachem.com\/tr\/wp-json\/wp\/v2\/media\/5179"}],"wp:attachment":[{"href":"https:\/\/wpachem.com\/tr\/wp-json\/wp\/v2\/media?parent=5883"}],"wp:term":[{"taxonomy":"product_brand","embeddable":true,"href":"https:\/\/wpachem.com\/tr\/wp-json\/wp\/v2\/product_brand?post=5883"},{"taxonomy":"product_cat","embeddable":true,"href":"https:\/\/wpachem.com\/tr\/wp-json\/wp\/v2\/product_cat?post=5883"},{"taxonomy":"product_tag","embeddable":true,"href":"https:\/\/wpachem.com\/tr\/wp-json\/wp\/v2\/product_tag?post=5883"}],"curies":[{"name":"wp","href":"https:\/\/api.w.org\/{rel}","templated":true}]}}