{"id":5887,"date":"2024-02-06T07:53:20","date_gmt":"2024-02-06T07:53:20","guid":{"rendered":"https:\/\/wpachem.com\/?post_type=product&#038;p=5887"},"modified":"2024-02-06T07:53:20","modified_gmt":"2024-02-06T07:53:20","slug":"carvone-cas-99-49-0","status":"publish","type":"product","link":"https:\/\/wpachem.com\/tr\/urun\/carvone-cas-99-49-0\/","title":{"rendered":"KARVON CAS 99-49-0"},"content":{"rendered":"<p><strong>\u00d6zellik<\/strong><\/p>\n<p>A\u00e7\u0131k turuncu ila a\u00e7\u0131k kahverengi ya\u011fl\u0131 s\u0131v\u0131, nane meyan aromas\u0131<\/p>\n<p><strong>Ba\u015fvuru:<\/strong><\/p>\n<ol>\n<li>G\u0131dalarda, di\u015f macunlar\u0131nda ve kozmetiklerde baharat olarak kullan\u0131l\u0131r. Ayr\u0131ca a\u011fr\u0131 kesici, b\u00f6cek ilac\u0131, cila, m\u00fcrekkep ve di\u011fer \u00e7\u00f6z\u00fcc\u00fc ve uyar\u0131c\u0131lar\u0131n yap\u0131m\u0131nda da kullan\u0131l\u0131r.<\/li>\n<li>Eklem veya kas a\u011fr\u0131lar\u0131 i\u00e7in topikal. Parf\u00fcmlerde ve g\u00fcne\u015f kremlerinde UV emici.<\/li>\n<\/ol>","protected":false},"excerpt":{"rendered":"<p>\u00dcr\u00fcn ad\u0131: CARVONE<\/p>\n<p>Kasa numaras\u0131: 99-49-0<\/p>\n<p>MF: C10H14O<\/p>\n<p>G\u00f6r\u00fcn\u00fcm: A\u00e7\u0131k turuncu ila a\u00e7\u0131k kahverengi ya\u011fl\u0131 s\u0131v\u0131<\/p>","protected":false},"featured_media":5860,"template":"","meta":{"_acf_changed":false,"_gspb_post_css":""},"product_brand":[],"product_cat":[101],"product_tag":[],"class_list":{"0":"post-5887","1":"product","2":"type-product","3":"status-publish","4":"has-post-thumbnail","6":"product_cat-flavour-enhancer-food-additives","8":"first","9":"instock","10":"shipping-taxable","11":"product-type-simple"},"acf":[],"_links":{"self":[{"href":"https:\/\/wpachem.com\/tr\/wp-json\/wp\/v2\/product\/5887","targetHints":{"allow":["GET"]}}],"collection":[{"href":"https:\/\/wpachem.com\/tr\/wp-json\/wp\/v2\/product"}],"about":[{"href":"https:\/\/wpachem.com\/tr\/wp-json\/wp\/v2\/types\/product"}],"version-history":[{"count":0,"href":"https:\/\/wpachem.com\/tr\/wp-json\/wp\/v2\/product\/5887\/revisions"}],"wp:featuredmedia":[{"embeddable":true,"href":"https:\/\/wpachem.com\/tr\/wp-json\/wp\/v2\/media\/5860"}],"wp:attachment":[{"href":"https:\/\/wpachem.com\/tr\/wp-json\/wp\/v2\/media?parent=5887"}],"wp:term":[{"taxonomy":"product_brand","embeddable":true,"href":"https:\/\/wpachem.com\/tr\/wp-json\/wp\/v2\/product_brand?post=5887"},{"taxonomy":"product_cat","embeddable":true,"href":"https:\/\/wpachem.com\/tr\/wp-json\/wp\/v2\/product_cat?post=5887"},{"taxonomy":"product_tag","embeddable":true,"href":"https:\/\/wpachem.com\/tr\/wp-json\/wp\/v2\/product_tag?post=5887"}],"curies":[{"name":"wp","href":"https:\/\/api.w.org\/{rel}","templated":true}]}}