{"id":5889,"date":"2024-02-06T07:59:02","date_gmt":"2024-02-06T07:59:02","guid":{"rendered":"https:\/\/wpachem.com\/?post_type=product&#038;p=5889"},"modified":"2024-02-06T07:59:03","modified_gmt":"2024-02-06T07:59:03","slug":"ethyl-cinnamate-cas-103-36-6","status":"publish","type":"product","link":"https:\/\/wpachem.com\/tr\/urun\/ethyl-cinnamate-cas-103-36-6\/","title":{"rendered":"Etil sinamat CAS 103-36-6"},"content":{"rendered":"<p><strong>\u00d6zellik<\/strong><\/p>\n<p>\u015eeffaf renksizden a\u00e7\u0131k sar\u0131ya, meyveli aromal\u0131<\/p>\n<p><strong>Ba\u015fvuru:<\/strong><\/p>\n<p>G\u00fcl, narenciye, nergis, ambertia, sade kalp orkide ve di\u011fer tatlarda yayg\u0131n olarak kullan\u0131l\u0131r, ayr\u0131ca sabun kokusu olarak da kullan\u0131labilir, sabunda, toz aromas\u0131 di\u011fer parf\u00fcmlerle koordine edilebilir ve sabit bir aromaya sahiptir<\/p>","protected":false},"excerpt":{"rendered":"<p>\u00dcr\u00fcn ad\u0131: Etil sinamat<\/p>\n<p>Kasa numaras\u0131: 103-36-6<\/p>\n<p>MF: C11H12O2<\/p>\n<p>G\u00f6r\u00fcn\u00fcm: \u015eeffaf renksiz ila a\u00e7\u0131k sar\u0131 s\u0131v\u0131<\/p>","protected":false},"featured_media":3322,"template":"","meta":{"_acf_changed":false,"_gspb_post_css":""},"product_brand":[],"product_cat":[61],"product_tag":[],"class_list":{"0":"post-5889","1":"product","2":"type-product","3":"status-publish","4":"has-post-thumbnail","6":"product_cat-flavor-and-fragrance","8":"first","9":"instock","10":"shipping-taxable","11":"product-type-simple"},"acf":[],"_links":{"self":[{"href":"https:\/\/wpachem.com\/tr\/wp-json\/wp\/v2\/product\/5889","targetHints":{"allow":["GET"]}}],"collection":[{"href":"https:\/\/wpachem.com\/tr\/wp-json\/wp\/v2\/product"}],"about":[{"href":"https:\/\/wpachem.com\/tr\/wp-json\/wp\/v2\/types\/product"}],"version-history":[{"count":0,"href":"https:\/\/wpachem.com\/tr\/wp-json\/wp\/v2\/product\/5889\/revisions"}],"wp:featuredmedia":[{"embeddable":true,"href":"https:\/\/wpachem.com\/tr\/wp-json\/wp\/v2\/media\/3322"}],"wp:attachment":[{"href":"https:\/\/wpachem.com\/tr\/wp-json\/wp\/v2\/media?parent=5889"}],"wp:term":[{"taxonomy":"product_brand","embeddable":true,"href":"https:\/\/wpachem.com\/tr\/wp-json\/wp\/v2\/product_brand?post=5889"},{"taxonomy":"product_cat","embeddable":true,"href":"https:\/\/wpachem.com\/tr\/wp-json\/wp\/v2\/product_cat?post=5889"},{"taxonomy":"product_tag","embeddable":true,"href":"https:\/\/wpachem.com\/tr\/wp-json\/wp\/v2\/product_tag?post=5889"}],"curies":[{"name":"wp","href":"https:\/\/api.w.org\/{rel}","templated":true}]}}