{"id":5890,"date":"2024-02-06T07:54:02","date_gmt":"2024-02-06T07:54:02","guid":{"rendered":"https:\/\/wpachem.com\/?post_type=product&#038;p=5890"},"modified":"2024-02-06T07:59:53","modified_gmt":"2024-02-06T07:59:53","slug":"chitosan-cas-9012-76-4","status":"publish","type":"product","link":"https:\/\/wpachem.com\/tr\/urun\/chitosan-cas-9012-76-4\/","title":{"rendered":"Kitosan CAS 9012-76-4"},"content":{"rendered":"<p>Beyaz bir tozdur.<\/p>\n<p><strong>Ba\u015fvuru<\/strong><\/p>\n<p>1. Farmas\u00f6tik alan: Kitosan ila\u00e7 ta\u015f\u0131ma sistemlerinde, yara pansumanlar\u0131nda, yapay organlarda ve di\u011fer alanlarda kullan\u0131labilir ve iyi biyouyumluluk ve biyolojik olarak par\u00e7alanabilirli\u011fe sahiptir.<\/p>\n<p>2. G\u0131da Sanayi: Kitosan g\u0131da koyula\u015ft\u0131r\u0131c\u0131, ambalaj filmi, koruyucu vb. olarak kullan\u0131labilir.<\/p>\n<p>3. \u00c7evre koruma: Kitosan at\u0131k su ar\u0131tma maddesi, ya\u011f-su ay\u0131rma maddesi vb. olarak kullan\u0131labilir. Par\u00e7alanabilirli\u011fe ve a\u011f\u0131r metal iyonlar\u0131n\u0131 giderme yetene\u011fine sahiptir.<\/p>\n<p><strong>Paketleme ve Depolama<\/strong><\/p>\n<p>25 KG\/VAR\u0130L<\/p>\n<p>&nbsp;<\/p>","protected":false},"excerpt":{"rendered":"<p>\u00dcr\u00fcn ad\u0131: Kitosan<\/p>\n<p>CAS:9012-76-4<\/p>\n<p>MF:C6H11NO4X2<\/p>\n<p>G\u00f6r\u00fcn\u00fcm: beyaz toz<\/p>","protected":false},"featured_media":5179,"template":"","meta":{"_acf_changed":false,"_gspb_post_css":""},"product_brand":[],"product_cat":[55,57,56,58],"product_tag":[],"class_list":{"0":"post-5890","1":"product","2":"type-product","3":"status-publish","4":"has-post-thumbnail","6":"product_cat-food-additives","7":"product_cat-preservative","8":"product_cat-sweetener","9":"product_cat-thicknerstablizer","11":"first","12":"instock","13":"shipping-taxable","14":"product-type-simple"},"acf":[],"_links":{"self":[{"href":"https:\/\/wpachem.com\/tr\/wp-json\/wp\/v2\/product\/5890","targetHints":{"allow":["GET"]}}],"collection":[{"href":"https:\/\/wpachem.com\/tr\/wp-json\/wp\/v2\/product"}],"about":[{"href":"https:\/\/wpachem.com\/tr\/wp-json\/wp\/v2\/types\/product"}],"version-history":[{"count":0,"href":"https:\/\/wpachem.com\/tr\/wp-json\/wp\/v2\/product\/5890\/revisions"}],"wp:featuredmedia":[{"embeddable":true,"href":"https:\/\/wpachem.com\/tr\/wp-json\/wp\/v2\/media\/5179"}],"wp:attachment":[{"href":"https:\/\/wpachem.com\/tr\/wp-json\/wp\/v2\/media?parent=5890"}],"wp:term":[{"taxonomy":"product_brand","embeddable":true,"href":"https:\/\/wpachem.com\/tr\/wp-json\/wp\/v2\/product_brand?post=5890"},{"taxonomy":"product_cat","embeddable":true,"href":"https:\/\/wpachem.com\/tr\/wp-json\/wp\/v2\/product_cat?post=5890"},{"taxonomy":"product_tag","embeddable":true,"href":"https:\/\/wpachem.com\/tr\/wp-json\/wp\/v2\/product_tag?post=5890"}],"curies":[{"name":"wp","href":"https:\/\/api.w.org\/{rel}","templated":true}]}}