{"id":5893,"date":"2024-02-06T08:04:04","date_gmt":"2024-02-06T08:04:04","guid":{"rendered":"https:\/\/wpachem.com\/?post_type=product&#038;p=5893"},"modified":"2024-02-06T08:04:04","modified_gmt":"2024-02-06T08:04:04","slug":"dihydromyrcenol-cas-53219-21-9","status":"publish","type":"product","link":"https:\/\/wpachem.com\/tr\/urun\/dihydromyrcenol-cas-53219-21-9\/","title":{"rendered":"Dihidromirsenol CAS 53219-21-9"},"content":{"rendered":"<p><strong>\u00d6zellik<\/strong><\/p>\n<p>Beyaz limon, kolonya, narenciye aromas\u0131 i\u00e7in kullan\u0131lan, renksiz, biraz viskoz bir ya\u011fd\u0131r<\/p>\n<p><strong>Ba\u015fvuru:<\/strong><\/p>\n<p>G\u00fcl, narenciye, nergis, ambertia, sade kalp orkide ve di\u011fer tatlarda yayg\u0131n olarak kullan\u0131l\u0131r, ayr\u0131ca sabun kokusu olarak da kullan\u0131labilir, sabunda, toz aromas\u0131 di\u011fer parf\u00fcmlerle koordine edilebilir ve sabit bir aromaya sahiptir<\/p>","protected":false},"excerpt":{"rendered":"<p>\u00dcr\u00fcn ad\u0131:Dihidromirsenol<\/p>\n<p>Kasa numaras\u0131: 53219-21-9<\/p>\n<p>MF: C10H20O<\/p>\n<p>G\u00f6r\u00fcn\u00fc\u015f: Beyaz limon kolonyas\u0131 aromas\u0131na sahip, renksiz, g\u00fc\u00e7l\u00fc ve tatl\u0131 bir s\u0131v\u0131.<\/p>","protected":false},"featured_media":4878,"template":"","meta":{"_acf_changed":false,"_gspb_post_css":""},"product_brand":[],"product_cat":[61],"product_tag":[],"class_list":{"0":"post-5893","1":"product","2":"type-product","3":"status-publish","4":"has-post-thumbnail","6":"product_cat-flavor-and-fragrance","8":"first","9":"instock","10":"shipping-taxable","11":"product-type-simple"},"acf":[],"_links":{"self":[{"href":"https:\/\/wpachem.com\/tr\/wp-json\/wp\/v2\/product\/5893","targetHints":{"allow":["GET"]}}],"collection":[{"href":"https:\/\/wpachem.com\/tr\/wp-json\/wp\/v2\/product"}],"about":[{"href":"https:\/\/wpachem.com\/tr\/wp-json\/wp\/v2\/types\/product"}],"version-history":[{"count":0,"href":"https:\/\/wpachem.com\/tr\/wp-json\/wp\/v2\/product\/5893\/revisions"}],"wp:featuredmedia":[{"embeddable":true,"href":"https:\/\/wpachem.com\/tr\/wp-json\/wp\/v2\/media\/4878"}],"wp:attachment":[{"href":"https:\/\/wpachem.com\/tr\/wp-json\/wp\/v2\/media?parent=5893"}],"wp:term":[{"taxonomy":"product_brand","embeddable":true,"href":"https:\/\/wpachem.com\/tr\/wp-json\/wp\/v2\/product_brand?post=5893"},{"taxonomy":"product_cat","embeddable":true,"href":"https:\/\/wpachem.com\/tr\/wp-json\/wp\/v2\/product_cat?post=5893"},{"taxonomy":"product_tag","embeddable":true,"href":"https:\/\/wpachem.com\/tr\/wp-json\/wp\/v2\/product_tag?post=5893"}],"curies":[{"name":"wp","href":"https:\/\/api.w.org\/{rel}","templated":true}]}}