{"id":5895,"date":"2024-02-06T08:00:05","date_gmt":"2024-02-06T08:00:05","guid":{"rendered":"https:\/\/wpachem.com\/?post_type=product&#038;p=5895"},"modified":"2024-02-06T08:23:59","modified_gmt":"2024-02-06T08:23:59","slug":"lecithin-hydrogenated-cas-92128-87-5","status":"publish","type":"product","link":"https:\/\/wpachem.com\/tr\/urun\/lecithin-hydrogenated-cas-92128-87-5\/","title":{"rendered":"Lesitin Hidrojene CAS 92128-87-5"},"content":{"rendered":"<p>Sar\u0131 par\u00e7ac\u0131klard\u0131r.<\/p>\n<p><strong>Ba\u015fvuru<\/strong><\/p>\n<p>Hidrojene lesitin g\u00fc\u00e7l\u00fc hidrofilikli\u011fe ve nemlendirici \u00f6zelliklere sahiptir ve cilt ve mukoza zarlar\u0131na kar\u015f\u0131 g\u00fc\u00e7l\u00fc bir afiniteye sahiptir. Nemlendirmek, em\u00fclsifiye etmek, da\u011f\u0131tmak ve oksidasyona kar\u015f\u0131 koymak i\u00e7in kozmetik form\u00fcllerde kullan\u0131labilir. Bir y\u00fczey aktif madde olarak, ayn\u0131 zamanda Cildi iyi bir ya\u011f-su dengesi etkisi elde etmek ve besinleri daha iyi emmek i\u00e7in \u015fartland\u0131rabilir. \u015eampuanlarda ve s\u0131v\u0131 deterjanlarda, hidrojene lesitin sedefli bir madde olarak i\u015flev g\u00f6r\u00fcr. Hidrojene lesitin ayr\u0131ca cilt bak\u0131m merhemleri ve nemlendiriciler geli\u015ftirmek i\u00e7in de kullan\u0131labilir. El kremi, dudak kremi, g\u00fcne\u015f kremi ve di\u011fer \u00fcst d\u00fczey kozmetik \u00fcr\u00fcnleri.<\/p>\n<p><strong>Paketleme ve Depolama<\/strong><\/p>\n<p>25 KG\/TORBA<\/p>\n<p>&nbsp;<\/p>","protected":false},"excerpt":{"rendered":"<p>\u00dcr\u00fcn ad\u0131: Lesitin Hidrojene<\/p>\n<p>CAS:92128-87-5<\/p>\n<p>MF:C42H84NO8P<\/p>\n<p>G\u00f6r\u00fcn\u00fcm: sar\u0131 par\u00e7ac\u0131klar<\/p>","protected":false},"featured_media":5899,"template":"","meta":{"_acf_changed":false,"_gspb_post_css":""},"product_brand":[],"product_cat":[60,131,133,132],"product_tag":[],"class_list":{"0":"post-5895","1":"product","2":"type-product","3":"status-publish","4":"has-post-thumbnail","6":"product_cat-cosmetic-ingredients","7":"product_cat-antioxidant","8":"product_cat-emulsifiers-cosmetic-ingredients","9":"product_cat-moisturizing","11":"first","12":"instock","13":"shipping-taxable","14":"product-type-simple"},"acf":[],"_links":{"self":[{"href":"https:\/\/wpachem.com\/tr\/wp-json\/wp\/v2\/product\/5895","targetHints":{"allow":["GET"]}}],"collection":[{"href":"https:\/\/wpachem.com\/tr\/wp-json\/wp\/v2\/product"}],"about":[{"href":"https:\/\/wpachem.com\/tr\/wp-json\/wp\/v2\/types\/product"}],"version-history":[{"count":0,"href":"https:\/\/wpachem.com\/tr\/wp-json\/wp\/v2\/product\/5895\/revisions"}],"wp:featuredmedia":[{"embeddable":true,"href":"https:\/\/wpachem.com\/tr\/wp-json\/wp\/v2\/media\/5899"}],"wp:attachment":[{"href":"https:\/\/wpachem.com\/tr\/wp-json\/wp\/v2\/media?parent=5895"}],"wp:term":[{"taxonomy":"product_brand","embeddable":true,"href":"https:\/\/wpachem.com\/tr\/wp-json\/wp\/v2\/product_brand?post=5895"},{"taxonomy":"product_cat","embeddable":true,"href":"https:\/\/wpachem.com\/tr\/wp-json\/wp\/v2\/product_cat?post=5895"},{"taxonomy":"product_tag","embeddable":true,"href":"https:\/\/wpachem.com\/tr\/wp-json\/wp\/v2\/product_tag?post=5895"}],"curies":[{"name":"wp","href":"https:\/\/api.w.org\/{rel}","templated":true}]}}