{"id":5898,"date":"2024-02-06T09:15:05","date_gmt":"2024-02-06T09:15:05","guid":{"rendered":"https:\/\/wpachem.com\/?post_type=product&#038;p=5898"},"modified":"2024-02-06T09:15:58","modified_gmt":"2024-02-06T09:15:58","slug":"fenchol-cas-1632-73-1","status":"publish","type":"product","link":"https:\/\/wpachem.com\/tr\/urun\/fenchol-cas-1632-73-1\/","title":{"rendered":"Fen\u00e7ol CAS 1632-73-1"},"content":{"rendered":"<p><strong>\u00d6zellik<\/strong><\/p>\n<p>Fenchyl alkol, baharatl\u0131 kafur ve toprak kokusuna sahip a\u00e7\u0131k sar\u0131 bir s\u0131v\u0131d\u0131r. Etanol, propilen glikol ve \u00e7o\u011fu u\u00e7ucu olmayan ya\u011fda \u00e7\u00f6z\u00fcn\u00fcr, suda \u00e7\u00f6z\u00fcnmez.<\/p>\n<p><strong>Ba\u015fvuru:<\/strong><\/p>\n<p>Fenchyl alkol, me\u015frubatlarda, su bazl\u0131 yiyeceklerde, \u015fekerlemelerde, f\u0131r\u0131nlanm\u0131\u015f \u00fcr\u00fcnlerde kullan\u0131labilir; ayr\u0131ca \u00e7imen kokusu, turun\u00e7gil t\u00fcr\u00fc ramming baz\u0131 \u00e7i\u00e7ek kokusu aromalar\u0131 ve kozmetiklerin haz\u0131rlanmas\u0131nda yayg\u0131n olarak kullan\u0131l\u0131r ve ayr\u0131ca kuma\u015f yumu\u015fat\u0131c\u0131s\u0131 ve s\u0131v\u0131 deterjan ve di\u011fer g\u00fcnl\u00fck kimyasallarda da kullan\u0131labilir.<\/p>","protected":false},"excerpt":{"rendered":"<p>\u00dcr\u00fcn ad\u0131:fenchol<\/p>\n<p>Kasa numaras\u0131: 1632-73-1<\/p>\n<p>MF: C10H18O<\/p>\n<p>G\u00f6r\u00fcn\u00fcm: a\u00e7\u0131k sar\u0131 s\u0131v\u0131<\/p>","protected":false},"featured_media":5867,"template":"","meta":{"_acf_changed":false,"_gspb_post_css":""},"product_brand":[],"product_cat":[61],"product_tag":[],"class_list":{"0":"post-5898","1":"product","2":"type-product","3":"status-publish","4":"has-post-thumbnail","6":"product_cat-flavor-and-fragrance","8":"first","9":"instock","10":"shipping-taxable","11":"product-type-simple"},"acf":[],"_links":{"self":[{"href":"https:\/\/wpachem.com\/tr\/wp-json\/wp\/v2\/product\/5898","targetHints":{"allow":["GET"]}}],"collection":[{"href":"https:\/\/wpachem.com\/tr\/wp-json\/wp\/v2\/product"}],"about":[{"href":"https:\/\/wpachem.com\/tr\/wp-json\/wp\/v2\/types\/product"}],"version-history":[{"count":0,"href":"https:\/\/wpachem.com\/tr\/wp-json\/wp\/v2\/product\/5898\/revisions"}],"wp:featuredmedia":[{"embeddable":true,"href":"https:\/\/wpachem.com\/tr\/wp-json\/wp\/v2\/media\/5867"}],"wp:attachment":[{"href":"https:\/\/wpachem.com\/tr\/wp-json\/wp\/v2\/media?parent=5898"}],"wp:term":[{"taxonomy":"product_brand","embeddable":true,"href":"https:\/\/wpachem.com\/tr\/wp-json\/wp\/v2\/product_brand?post=5898"},{"taxonomy":"product_cat","embeddable":true,"href":"https:\/\/wpachem.com\/tr\/wp-json\/wp\/v2\/product_cat?post=5898"},{"taxonomy":"product_tag","embeddable":true,"href":"https:\/\/wpachem.com\/tr\/wp-json\/wp\/v2\/product_tag?post=5898"}],"curies":[{"name":"wp","href":"https:\/\/api.w.org\/{rel}","templated":true}]}}