{"id":5903,"date":"2024-02-06T08:29:39","date_gmt":"2024-02-06T08:29:39","guid":{"rendered":"https:\/\/wpachem.com\/?post_type=product&#038;p=5903"},"modified":"2024-02-06T08:33:16","modified_gmt":"2024-02-06T08:33:16","slug":"lactobionic-acid-cas-96-82-2","status":"publish","type":"product","link":"https:\/\/wpachem.com\/tr\/urun\/lactobionic-acid-cas-96-82-2\/","title":{"rendered":"Laktobiyonik Asit CAS 96-82-2"},"content":{"rendered":"<p>Beyaz kristal tozdur.<\/p>\n<p><strong>Ba\u015fvuru<\/strong><\/p>\n<p>G\u0131da end\u00fcstrisinde laktobiyonik asit, g\u0131dalar\u0131n lezzetini ve tazeli\u011fini art\u0131rmak i\u00e7in ek\u015fi baharat, aroma maddesi ve g\u0131da asitlendirici olarak kullan\u0131labilir.<br \/>\n\u0130la\u00e7 sanayiinde laktobiyonik asit, antibiyotik \u00fcretiminde ila\u00e7larda yard\u0131mc\u0131 madde veya katk\u0131 maddesi olarak kullan\u0131labilmektedir.<\/p>\n<p><strong>Paketleme ve Depolama<\/strong><\/p>\n<p>25 KG\/TORBA<\/p>\n<p>&nbsp;<\/p>","protected":false},"excerpt":{"rendered":"<p>\u00dcr\u00fcn ad\u0131: Laktobiyonik Asit<\/p>\n<p>CAS:96-82-2<\/p>\n<p>MF:C12H22O12<\/p>\n<p>G\u00f6r\u00fcn\u00fcm: Beyaz kristal toz<\/p>","protected":false},"featured_media":5182,"template":"","meta":{"_acf_changed":false,"_gspb_post_css":""},"product_brand":[],"product_cat":[55,59],"product_tag":[],"class_list":{"0":"post-5903","1":"product","2":"type-product","3":"status-publish","4":"has-post-thumbnail","6":"product_cat-food-additives","7":"product_cat-acidity-regulators","9":"first","10":"instock","11":"shipping-taxable","12":"product-type-simple"},"acf":[],"_links":{"self":[{"href":"https:\/\/wpachem.com\/tr\/wp-json\/wp\/v2\/product\/5903","targetHints":{"allow":["GET"]}}],"collection":[{"href":"https:\/\/wpachem.com\/tr\/wp-json\/wp\/v2\/product"}],"about":[{"href":"https:\/\/wpachem.com\/tr\/wp-json\/wp\/v2\/types\/product"}],"version-history":[{"count":0,"href":"https:\/\/wpachem.com\/tr\/wp-json\/wp\/v2\/product\/5903\/revisions"}],"wp:featuredmedia":[{"embeddable":true,"href":"https:\/\/wpachem.com\/tr\/wp-json\/wp\/v2\/media\/5182"}],"wp:attachment":[{"href":"https:\/\/wpachem.com\/tr\/wp-json\/wp\/v2\/media?parent=5903"}],"wp:term":[{"taxonomy":"product_brand","embeddable":true,"href":"https:\/\/wpachem.com\/tr\/wp-json\/wp\/v2\/product_brand?post=5903"},{"taxonomy":"product_cat","embeddable":true,"href":"https:\/\/wpachem.com\/tr\/wp-json\/wp\/v2\/product_cat?post=5903"},{"taxonomy":"product_tag","embeddable":true,"href":"https:\/\/wpachem.com\/tr\/wp-json\/wp\/v2\/product_tag?post=5903"}],"curies":[{"name":"wp","href":"https:\/\/api.w.org\/{rel}","templated":true}]}}