{"id":5905,"date":"2024-02-06T08:33:27","date_gmt":"2024-02-06T08:33:27","guid":{"rendered":"https:\/\/wpachem.com\/?post_type=product&#038;p=5905"},"modified":"2024-02-06T08:38:15","modified_gmt":"2024-02-06T08:38:15","slug":"16-hexanediol-cas-629-11-8","status":"publish","type":"product","link":"https:\/\/wpachem.com\/tr\/urun\/16-hexanediol-cas-629-11-8\/","title":{"rendered":"1,6-Hekzandiol CAS 629-11-8"},"content":{"rendered":"<p>Renksiz, kokusuz, k\u0131vaml\u0131 bir s\u0131v\u0131d\u0131r.<\/p>\n<p><strong>Ba\u015fvuru<\/strong><\/p>\n<p>Esas olarak polieterlerin (\u00f6rne\u011fin polyesterollerin) \u00fcretiminde, polyester elyaflar, plastikler ve poli\u00fcretanlar gibi sentetik malzemelerin haz\u0131rlanmas\u0131nda kullan\u0131l\u0131r.<br \/>\nKaplamalar, solventler, boyalar, boyalar, antifriz, kozmetikler, yap\u0131\u015ft\u0131r\u0131c\u0131lar, deterjanlar ve daha bir\u00e7ok end\u00fcstriyel \u00fcr\u00fcn\u00fcn imalat\u0131nda da yayg\u0131n olarak kullan\u0131lmaktad\u0131r.<\/p>\n<p><strong>Paketleme ve Depolama<\/strong><\/p>\n<p>25 KG\/VAR\u0130L<\/p>","protected":false},"excerpt":{"rendered":"<p>\u00dcr\u00fcn ad\u0131: 1,6-Hexanedio<\/p>\n<p>CAS:629-11-8<\/p>\n<p>MF:C20H20O4<\/p>\n<p>G\u00f6r\u00fcn\u00fcm:renksiz, kokusuz viskoz s\u0131v\u0131<\/p>","protected":false},"featured_media":2089,"template":"","meta":{"_acf_changed":false,"_gspb_post_css":""},"product_brand":[],"product_cat":[60,62,63,69],"product_tag":[],"class_list":{"0":"post-5905","1":"product","2":"type-product","3":"status-publish","4":"has-post-thumbnail","6":"product_cat-cosmetic-ingredients","7":"product_cat-rubberplastic-ingredients","8":"product_cat-industrial-chemicals","9":"product_cat-more","11":"first","12":"instock","13":"shipping-taxable","14":"product-type-simple"},"acf":[],"_links":{"self":[{"href":"https:\/\/wpachem.com\/tr\/wp-json\/wp\/v2\/product\/5905","targetHints":{"allow":["GET"]}}],"collection":[{"href":"https:\/\/wpachem.com\/tr\/wp-json\/wp\/v2\/product"}],"about":[{"href":"https:\/\/wpachem.com\/tr\/wp-json\/wp\/v2\/types\/product"}],"version-history":[{"count":0,"href":"https:\/\/wpachem.com\/tr\/wp-json\/wp\/v2\/product\/5905\/revisions"}],"wp:featuredmedia":[{"embeddable":true,"href":"https:\/\/wpachem.com\/tr\/wp-json\/wp\/v2\/media\/2089"}],"wp:attachment":[{"href":"https:\/\/wpachem.com\/tr\/wp-json\/wp\/v2\/media?parent=5905"}],"wp:term":[{"taxonomy":"product_brand","embeddable":true,"href":"https:\/\/wpachem.com\/tr\/wp-json\/wp\/v2\/product_brand?post=5905"},{"taxonomy":"product_cat","embeddable":true,"href":"https:\/\/wpachem.com\/tr\/wp-json\/wp\/v2\/product_cat?post=5905"},{"taxonomy":"product_tag","embeddable":true,"href":"https:\/\/wpachem.com\/tr\/wp-json\/wp\/v2\/product_tag?post=5905"}],"curies":[{"name":"wp","href":"https:\/\/api.w.org\/{rel}","templated":true}]}}