{"id":5909,"date":"2024-02-06T08:47:52","date_gmt":"2024-02-06T08:47:52","guid":{"rendered":"https:\/\/wpachem.com\/?post_type=product&#038;p=5909"},"modified":"2024-02-06T08:56:17","modified_gmt":"2024-02-06T08:56:17","slug":"12-propanediol-cas-57-55-6","status":"publish","type":"product","link":"https:\/\/wpachem.com\/tr\/urun\/12-propanediol-cas-57-55-6\/","title":{"rendered":"1,2-Propandiol CAS 57-55-6"},"content":{"rendered":"<p>Renksiz, kokusuz, k\u0131vaml\u0131 bir s\u0131v\u0131d\u0131r.<\/p>\n<p><strong>Ba\u015fvuru<\/strong><\/p>\n<p>\u0130la\u00e7 sanayiinde ila\u00e7, t\u0131bbi cihaz ve t\u0131bbi \u00fcr\u00fcnlerin \u00fcretiminde \u00e7\u00f6z\u00fcc\u00fc, esterle\u015ftirici ve plastikle\u015ftirici olarak kullan\u0131l\u0131r.<br \/>\nKozmetiklerde nemlendirici, yumu\u015fat\u0131c\u0131, donmay\u0131 \u00f6nleyici ve dengeleyici etkileri vard\u0131r.<br \/>\nBoya ve boya sanayinde k\u0131vamla\u015ft\u0131r\u0131c\u0131 ve tesviye edici olarak kullan\u0131l\u0131r.<br \/>\n\u0130\u00e7ecek, g\u0131da, baharat ve pigmentlerin \u00fcretiminde de yayg\u0131n olarak kullan\u0131lmaktad\u0131r.<\/p>\n<p><strong>Paketleme ve Depolama<\/strong><\/p>\n<p>25 KG\/DRU<\/p>\n<p>&nbsp;<\/p>","protected":false},"excerpt":{"rendered":"<p>\u00dcr\u00fcn ad\u0131: 1,2-Propandiol<\/p>\n<p>CAS:57-55-6<\/p>\n<p>MF:C3H8O2<\/p>\n<p>G\u00f6r\u00fcn\u00fcm: renksiz, kokusuz, viskoz s\u0131v\u0131<\/p>","protected":false},"featured_media":2087,"template":"","meta":{"_acf_changed":false,"_gspb_post_css":""},"product_brand":[],"product_cat":[55,132,135,128,60,63,69],"product_tag":[],"class_list":{"0":"post-5909","1":"product","2":"type-product","3":"status-publish","4":"has-post-thumbnail","6":"product_cat-food-additives","7":"product_cat-moisturizing","8":"product_cat-preservative-cosmetic-ingredients","9":"product_cat-tanning-agent","10":"product_cat-cosmetic-ingredients","11":"product_cat-industrial-chemicals","12":"product_cat-more","14":"first","15":"instock","16":"shipping-taxable","17":"product-type-simple"},"acf":[],"_links":{"self":[{"href":"https:\/\/wpachem.com\/tr\/wp-json\/wp\/v2\/product\/5909","targetHints":{"allow":["GET"]}}],"collection":[{"href":"https:\/\/wpachem.com\/tr\/wp-json\/wp\/v2\/product"}],"about":[{"href":"https:\/\/wpachem.com\/tr\/wp-json\/wp\/v2\/types\/product"}],"version-history":[{"count":0,"href":"https:\/\/wpachem.com\/tr\/wp-json\/wp\/v2\/product\/5909\/revisions"}],"wp:featuredmedia":[{"embeddable":true,"href":"https:\/\/wpachem.com\/tr\/wp-json\/wp\/v2\/media\/2087"}],"wp:attachment":[{"href":"https:\/\/wpachem.com\/tr\/wp-json\/wp\/v2\/media?parent=5909"}],"wp:term":[{"taxonomy":"product_brand","embeddable":true,"href":"https:\/\/wpachem.com\/tr\/wp-json\/wp\/v2\/product_brand?post=5909"},{"taxonomy":"product_cat","embeddable":true,"href":"https:\/\/wpachem.com\/tr\/wp-json\/wp\/v2\/product_cat?post=5909"},{"taxonomy":"product_tag","embeddable":true,"href":"https:\/\/wpachem.com\/tr\/wp-json\/wp\/v2\/product_tag?post=5909"}],"curies":[{"name":"wp","href":"https:\/\/api.w.org\/{rel}","templated":true}]}}