{"id":5911,"date":"2024-02-06T08:56:30","date_gmt":"2024-02-06T08:56:30","guid":{"rendered":"https:\/\/wpachem.com\/?post_type=product&#038;p=5911"},"modified":"2024-02-06T09:41:44","modified_gmt":"2024-02-06T09:41:44","slug":"adipic-acid-monomethyl-ester-cas-627-91-8","status":"publish","type":"product","link":"https:\/\/wpachem.com\/tr\/urun\/adipic-acid-monomethyl-ester-cas-627-91-8\/","title":{"rendered":"Adipik Asit Monometil Ester CAS 627-91-8"},"content":{"rendered":"<p>Renksiz veya hafif sar\u0131 renkte bir s\u0131v\u0131d\u0131r.<\/p>\n<p><strong>Ba\u015fvuru<\/strong><\/p>\n<p>1. G\u0131da end\u00fcstrisi: Ya\u011f asidi metil esterleri, aroma, tatland\u0131r\u0131c\u0131 ve koruyucu gibi g\u0131da katk\u0131 maddeleri olarak kullan\u0131labilir.<\/p>\n<p>2. Kozmetik ve ki\u015fisel bak\u0131m \u00fcr\u00fcnleri: Ya\u011f asidi metil esterleri \u015fampuanlar, cilt kremleri, kozmetikler vb. gibi kozmetik ve ki\u015fisel bak\u0131m \u00fcr\u00fcnlerinde temel bile\u015fen olarak kullan\u0131labilir.<\/p>\n<p>3. \u0130la\u00e7 end\u00fcstrisi: Ya\u011f asidi metil esterleri ila\u00e7 ta\u015f\u0131y\u0131c\u0131s\u0131 veya ila\u00e7lar\u0131n yard\u0131mc\u0131 maddesi olarak kullan\u0131labilir.<\/p>\n<p>4. End\u00fcstriyel uygulamalar: Ya\u011f asidi metil esterleri ya\u011flay\u0131c\u0131, plastik katk\u0131 maddesi, \u00e7\u00f6z\u00fcc\u00fc, y\u00fczey aktif madde vb. olarak kullan\u0131labilir.<\/p>\n<p><strong>Paketleme ve Depolama<\/strong><\/p>\n<p>25 KG\/VAR\u0130L<\/p>\n<p>&nbsp;<\/p>","protected":false},"excerpt":{"rendered":"<p>\u00dcr\u00fcn ad\u0131: Adipik Asit Monometil Ester<\/p>\n<p>CAS:627-91-8<\/p>\n<p>MF:C7H12O4<\/p>\n<p>G\u00f6r\u00fcn\u00fcm: renksiz ila hafif sar\u0131 s\u0131v\u0131<\/p>","protected":false},"featured_media":3321,"template":"","meta":{"_acf_changed":false,"_gspb_post_css":""},"product_brand":[],"product_cat":[55,129,57,60],"product_tag":[],"class_list":{"0":"post-5911","1":"product","2":"type-product","3":"status-publish","4":"has-post-thumbnail","6":"product_cat-food-additives","7":"product_cat-whitening-agent","8":"product_cat-preservative","9":"product_cat-cosmetic-ingredients","11":"first","12":"instock","13":"shipping-taxable","14":"product-type-simple"},"acf":[],"_links":{"self":[{"href":"https:\/\/wpachem.com\/tr\/wp-json\/wp\/v2\/product\/5911","targetHints":{"allow":["GET"]}}],"collection":[{"href":"https:\/\/wpachem.com\/tr\/wp-json\/wp\/v2\/product"}],"about":[{"href":"https:\/\/wpachem.com\/tr\/wp-json\/wp\/v2\/types\/product"}],"version-history":[{"count":0,"href":"https:\/\/wpachem.com\/tr\/wp-json\/wp\/v2\/product\/5911\/revisions"}],"wp:featuredmedia":[{"embeddable":true,"href":"https:\/\/wpachem.com\/tr\/wp-json\/wp\/v2\/media\/3321"}],"wp:attachment":[{"href":"https:\/\/wpachem.com\/tr\/wp-json\/wp\/v2\/media?parent=5911"}],"wp:term":[{"taxonomy":"product_brand","embeddable":true,"href":"https:\/\/wpachem.com\/tr\/wp-json\/wp\/v2\/product_brand?post=5911"},{"taxonomy":"product_cat","embeddable":true,"href":"https:\/\/wpachem.com\/tr\/wp-json\/wp\/v2\/product_cat?post=5911"},{"taxonomy":"product_tag","embeddable":true,"href":"https:\/\/wpachem.com\/tr\/wp-json\/wp\/v2\/product_tag?post=5911"}],"curies":[{"name":"wp","href":"https:\/\/api.w.org\/{rel}","templated":true}]}}