{"id":5913,"date":"2024-02-06T09:28:06","date_gmt":"2024-02-06T09:28:06","guid":{"rendered":"https:\/\/wpachem.com\/?post_type=product&#038;p=5913"},"modified":"2024-02-06T09:28:06","modified_gmt":"2024-02-06T09:28:06","slug":"phenylpropyl-aldehyde-cas-104-53-0","status":"publish","type":"product","link":"https:\/\/wpachem.com\/tr\/urun\/phenylpropyl-aldehyde-cas-104-53-0\/","title":{"rendered":"Fenilpropil aldehit CAS 104-53-0"},"content":{"rendered":"<p><strong>\u00d6zellik<\/strong><\/p>\n<p>Berrak renksiz ila a\u00e7\u0131k sar\u0131 s\u0131v\u0131, 10.00% dipropilen glikol \u00e7\u00f6zeltisi. Sab\u0131rs\u0131zotu kokusu<\/p>\n<p><strong>Ba\u015fvuru:<\/strong><\/p>\n<p>\u00c7e\u015fitli \u00e7i\u00e7ek aromalar\u0131n\u0131n, \u00f6zellikle leylak, yasemin ve g\u00fcl aromalar\u0131n\u0131n haz\u0131rlanmas\u0131nda yayg\u0131n olarak kullan\u0131l\u0131r<\/p>","protected":false},"excerpt":{"rendered":"<p>\u00dcr\u00fcn ad\u0131:Fenilpropil aldehit<\/p>\n<p>Cas no.: 104-53-0<\/p>\n<p>MF: C9H10O<\/p>\n<p>G\u00f6r\u00fcn\u00fcm: Renksiz \u015feffaf veya a\u00e7\u0131k sar\u0131 s\u0131v\u0131<\/p>","protected":false},"featured_media":4788,"template":"","meta":{"_acf_changed":false,"_gspb_post_css":""},"product_brand":[],"product_cat":[61],"product_tag":[],"class_list":{"0":"post-5913","1":"product","2":"type-product","3":"status-publish","4":"has-post-thumbnail","6":"product_cat-flavor-and-fragrance","8":"first","9":"instock","10":"shipping-taxable","11":"product-type-simple"},"acf":[],"_links":{"self":[{"href":"https:\/\/wpachem.com\/tr\/wp-json\/wp\/v2\/product\/5913","targetHints":{"allow":["GET"]}}],"collection":[{"href":"https:\/\/wpachem.com\/tr\/wp-json\/wp\/v2\/product"}],"about":[{"href":"https:\/\/wpachem.com\/tr\/wp-json\/wp\/v2\/types\/product"}],"version-history":[{"count":0,"href":"https:\/\/wpachem.com\/tr\/wp-json\/wp\/v2\/product\/5913\/revisions"}],"wp:featuredmedia":[{"embeddable":true,"href":"https:\/\/wpachem.com\/tr\/wp-json\/wp\/v2\/media\/4788"}],"wp:attachment":[{"href":"https:\/\/wpachem.com\/tr\/wp-json\/wp\/v2\/media?parent=5913"}],"wp:term":[{"taxonomy":"product_brand","embeddable":true,"href":"https:\/\/wpachem.com\/tr\/wp-json\/wp\/v2\/product_brand?post=5913"},{"taxonomy":"product_cat","embeddable":true,"href":"https:\/\/wpachem.com\/tr\/wp-json\/wp\/v2\/product_cat?post=5913"},{"taxonomy":"product_tag","embeddable":true,"href":"https:\/\/wpachem.com\/tr\/wp-json\/wp\/v2\/product_tag?post=5913"}],"curies":[{"name":"wp","href":"https:\/\/api.w.org\/{rel}","templated":true}]}}