{"id":5915,"date":"2024-01-12T02:57:18","date_gmt":"2024-01-12T02:57:18","guid":{"rendered":"https:\/\/wpapigments.com\/?post_type=product&amp;p=5915"},"modified":"2024-01-12T02:57:18","modified_gmt":"2024-01-12T02:57:18","slug":"pigment-yellow-34-lemon-chrome-yellow-y126-p-y-34-cas-no-1344-37-2","status":"publish","type":"product","link":"https:\/\/wpachem.com\/tr\/urun\/pigment-yellow-34-lemon-chrome-yellow-y126-p-y-34-cas-no-1344-37-2\/","title":{"rendered":"Pigment Sar\u0131 34 (Limon Krom Sar\u0131 Y126)\/PY34 CAS No.1344-37-2"},"content":{"rendered":"<p><strong>\u00d6zellik<\/strong><\/p>\n<p><strong><b>Anne<\/b><\/strong><strong><b>Ben<\/b><\/strong><strong><b>n \u00d6zellikleri<\/b><\/strong>:Par\u00e7ac\u0131k \u015eekli \u0130\u011fne<\/p>\n<p><strong><b>Ba\u015fvuru:<\/b><\/strong><\/p>\n<ul>\n<li>Boya Kullan\u0131m\u0131:End\u00fcstriyel Boya,Bina kaplamalar\u0131\/malzemeleri<\/li>\n<li>Plastik Kullan\u0131m\u0131: PVC, di\u011fer plastikler<\/li>\n<\/ul>","protected":false},"excerpt":{"rendered":"<p><strong><b>\u00dcr\u00fcn Ad\u0131<\/b><\/strong><strong><b>:<\/b><\/strong><strong>\u00a0<\/strong>Limon Krom Sar\u0131 Y126<\/p>\n<p><strong>Renk \u0130ndeksi:<\/strong>\u00a0PY34<\/p>\n<p><strong>D\u0131\u015f g\u00f6r\u00fcn\u00fc\u015f:<\/strong>\u00a0sar\u0131 toz<\/p>\n<p><strong>CAS Numaras\u0131.<\/strong><strong>:<\/strong>1344-37-2<\/p>","protected":false},"featured_media":7653,"template":"","meta":{"_acf_changed":false,"_gspb_post_css":""},"product_brand":[],"product_cat":[54],"product_tag":[],"class_list":{"0":"post-5915","1":"product","2":"type-product","3":"status-publish","4":"has-post-thumbnail","6":"product_cat-inorganic-pigments","8":"first","9":"instock","10":"shipping-taxable","11":"product-type-simple"},"acf":[],"_links":{"self":[{"href":"https:\/\/wpachem.com\/tr\/wp-json\/wp\/v2\/product\/5915","targetHints":{"allow":["GET"]}}],"collection":[{"href":"https:\/\/wpachem.com\/tr\/wp-json\/wp\/v2\/product"}],"about":[{"href":"https:\/\/wpachem.com\/tr\/wp-json\/wp\/v2\/types\/product"}],"version-history":[{"count":0,"href":"https:\/\/wpachem.com\/tr\/wp-json\/wp\/v2\/product\/5915\/revisions"}],"wp:featuredmedia":[{"embeddable":true,"href":"https:\/\/wpachem.com\/tr\/wp-json\/wp\/v2\/media\/7653"}],"wp:attachment":[{"href":"https:\/\/wpachem.com\/tr\/wp-json\/wp\/v2\/media?parent=5915"}],"wp:term":[{"taxonomy":"product_brand","embeddable":true,"href":"https:\/\/wpachem.com\/tr\/wp-json\/wp\/v2\/product_brand?post=5915"},{"taxonomy":"product_cat","embeddable":true,"href":"https:\/\/wpachem.com\/tr\/wp-json\/wp\/v2\/product_cat?post=5915"},{"taxonomy":"product_tag","embeddable":true,"href":"https:\/\/wpachem.com\/tr\/wp-json\/wp\/v2\/product_tag?post=5915"}],"curies":[{"name":"wp","href":"https:\/\/api.w.org\/{rel}","templated":true}]}}