{"id":5919,"date":"2024-02-06T09:38:35","date_gmt":"2024-02-06T09:38:35","guid":{"rendered":"https:\/\/wpachem.com\/?post_type=product&#038;p=5919"},"modified":"2024-02-06T09:38:35","modified_gmt":"2024-02-06T09:38:35","slug":"sclareol-cas-515-03-7","status":"publish","type":"product","link":"https:\/\/wpachem.com\/tr\/urun\/sclareol-cas-515-03-7\/","title":{"rendered":"Sclareol CAS 515-03-7"},"content":{"rendered":"<p><strong>\u00d6zellik<\/strong><\/p>\n<p>Kloroformda \u00e7\u00f6z\u00fcn\u00fcr, etil asetat (az miktarda), beyaz ila beyaza yak\u0131n, odunsu bir tada sahiptir.<\/p>\n<p><strong>Ba\u015fvuru:<\/strong><\/p>\n<p>Benzer ambergis aromas\u0131, aroma kal\u0131c\u0131l\u0131\u011f\u0131 ve narinli\u011fi ile sentetik ambergis \u00fcr\u00fcnleri i\u00e7in ideal hammaddedir. Aroma mod\u00fclasyonunda do\u011frudan kullan\u0131ld\u0131\u011f\u0131nda parf\u00fcm kokular\u0131nda kullan\u0131lmaya uygundur.<\/p>","protected":false},"excerpt":{"rendered":"<p>\u00dcr\u00fcn ad\u0131:Sclareol<\/p>\n<p>Kasa numaras\u0131: 515-03-7<\/p>\n<p>MF: C20H36O2<\/p>\n<p>G\u00f6r\u00fcn\u00fcm: Renksiz \u015feffaf veya a\u00e7\u0131k sar\u0131 s\u0131v\u0131<\/p>","protected":false},"featured_media":4793,"template":"","meta":{"_acf_changed":false,"_gspb_post_css":""},"product_brand":[],"product_cat":[61],"product_tag":[],"class_list":{"0":"post-5919","1":"product","2":"type-product","3":"status-publish","4":"has-post-thumbnail","6":"product_cat-flavor-and-fragrance","8":"first","9":"instock","10":"shipping-taxable","11":"product-type-simple"},"acf":[],"_links":{"self":[{"href":"https:\/\/wpachem.com\/tr\/wp-json\/wp\/v2\/product\/5919","targetHints":{"allow":["GET"]}}],"collection":[{"href":"https:\/\/wpachem.com\/tr\/wp-json\/wp\/v2\/product"}],"about":[{"href":"https:\/\/wpachem.com\/tr\/wp-json\/wp\/v2\/types\/product"}],"version-history":[{"count":0,"href":"https:\/\/wpachem.com\/tr\/wp-json\/wp\/v2\/product\/5919\/revisions"}],"wp:featuredmedia":[{"embeddable":true,"href":"https:\/\/wpachem.com\/tr\/wp-json\/wp\/v2\/media\/4793"}],"wp:attachment":[{"href":"https:\/\/wpachem.com\/tr\/wp-json\/wp\/v2\/media?parent=5919"}],"wp:term":[{"taxonomy":"product_brand","embeddable":true,"href":"https:\/\/wpachem.com\/tr\/wp-json\/wp\/v2\/product_brand?post=5919"},{"taxonomy":"product_cat","embeddable":true,"href":"https:\/\/wpachem.com\/tr\/wp-json\/wp\/v2\/product_cat?post=5919"},{"taxonomy":"product_tag","embeddable":true,"href":"https:\/\/wpachem.com\/tr\/wp-json\/wp\/v2\/product_tag?post=5919"}],"curies":[{"name":"wp","href":"https:\/\/api.w.org\/{rel}","templated":true}]}}