{"id":5922,"date":"2024-02-06T09:44:57","date_gmt":"2024-02-06T09:44:57","guid":{"rendered":"https:\/\/wpachem.com\/?post_type=product&#038;p=5922"},"modified":"2024-04-26T05:39:55","modified_gmt":"2024-04-26T05:39:55","slug":"styralyl-acetate-cas-93-92-5","status":"publish","type":"product","link":"https:\/\/wpachem.com\/tr\/urun\/styralyl-acetate-cas-93-92-5\/","title":{"rendered":"Stiralil asetat CAS 93-92-5"},"content":{"rendered":"<p><strong>\u00d6zellik<\/strong><\/p>\n<p>Renksiz s\u0131v\u0131. G\u00fc\u00e7l\u00fc bir gardenya kokusu. Kaynama noktas\u0131 214\u2103, parlama noktas\u0131 81\u2103. Etanol ve \u00e7o\u011fu u\u00e7ucu olmayan ya\u011fda \u00e7\u00f6z\u00fcn\u00fcr, gliserin ve mineral ya\u011fda \u00e7\u00f6z\u00fcn\u00fcr, suda \u00e7\u00f6z\u00fcnmez. Gardenya gibi u\u00e7ucu ya\u011flarda do\u011fal \u00fcr\u00fcnler bulunur.<\/p>\n<p><strong>Ba\u015fvuru:<\/strong><\/p>\n<p>Gardenya ve s\u00fcmb\u00fclteber haz\u0131rlamak i\u00e7in \u00f6nemli bir baharatt\u0131r. Yasemin, s\u00fcmb\u00fcl, vadi zamba\u011f\u0131, leylak, manolya t\u00fcr\u00fc i\u00e7in uygundur. Geli\u015ftirilmi\u015f koku etkinli\u011fine sahip g\u00fcl t\u00fcr\u00fc i\u00e7in iz. Modern aromada, ilk koku olarak, iyi bir etki elde edilebilir. \u00d6zellikle elma, ananas ve di\u011fer aromalar gibi &quot;keskin&quot; meyve aromas\u0131na ihtiya\u00e7 duyanlar i\u00e7in g\u0131da aromas\u0131nda yayg\u0131n olarak kullan\u0131l\u0131r.<\/p>","protected":false},"excerpt":{"rendered":"<p>\u00dcr\u00fcn ad\u0131:Stiralil asetat<\/p>\n<p>Kasa numaras\u0131: 93-92-5<\/p>\n<p>MF: C10H12O2<\/p>\n<p>G\u00f6r\u00fcn\u00fcm: Renksiz s\u0131v\u0131.<\/p>","protected":false},"featured_media":3321,"template":"","meta":{"_acf_changed":false,"_gspb_post_css":""},"product_brand":[],"product_cat":[52,24],"product_tag":[],"class_list":{"0":"post-5922","1":"product","2":"type-product","3":"status-publish","4":"has-post-thumbnail","6":"product_cat-pigment","7":"product_cat-uncategorized","9":"first","10":"instock","11":"shipping-taxable","12":"product-type-simple"},"acf":[],"_links":{"self":[{"href":"https:\/\/wpachem.com\/tr\/wp-json\/wp\/v2\/product\/5922","targetHints":{"allow":["GET"]}}],"collection":[{"href":"https:\/\/wpachem.com\/tr\/wp-json\/wp\/v2\/product"}],"about":[{"href":"https:\/\/wpachem.com\/tr\/wp-json\/wp\/v2\/types\/product"}],"version-history":[{"count":0,"href":"https:\/\/wpachem.com\/tr\/wp-json\/wp\/v2\/product\/5922\/revisions"}],"wp:featuredmedia":[{"embeddable":true,"href":"https:\/\/wpachem.com\/tr\/wp-json\/wp\/v2\/media\/3321"}],"wp:attachment":[{"href":"https:\/\/wpachem.com\/tr\/wp-json\/wp\/v2\/media?parent=5922"}],"wp:term":[{"taxonomy":"product_brand","embeddable":true,"href":"https:\/\/wpachem.com\/tr\/wp-json\/wp\/v2\/product_brand?post=5922"},{"taxonomy":"product_cat","embeddable":true,"href":"https:\/\/wpachem.com\/tr\/wp-json\/wp\/v2\/product_cat?post=5922"},{"taxonomy":"product_tag","embeddable":true,"href":"https:\/\/wpachem.com\/tr\/wp-json\/wp\/v2\/product_tag?post=5922"}],"curies":[{"name":"wp","href":"https:\/\/api.w.org\/{rel}","templated":true}]}}