{"id":5924,"date":"2024-02-06T09:43:36","date_gmt":"2024-02-06T09:43:36","guid":{"rendered":"https:\/\/wpachem.com\/?post_type=product&#038;p=5924"},"modified":"2024-02-06T09:50:49","modified_gmt":"2024-02-06T09:50:49","slug":"methyl-4-hydroxybenzoate-cas-99-76-3","status":"publish","type":"product","link":"https:\/\/wpachem.com\/tr\/urun\/methyl-4-hydroxybenzoate-cas-99-76-3\/","title":{"rendered":"Metil 4-hidroksibenzoat CAS 99-76-3"},"content":{"rendered":"<p>Renksiz bir s\u0131v\u0131d\u0131r.<\/p>\n<p><strong>Ba\u015fvuru<\/strong><\/p>\n<p>Organik sentezde yayg\u0131n olarak kullan\u0131l\u0131r ve s\u0131kl\u0131kla tatland\u0131r\u0131c\u0131lar, ila\u00e7lar ve boyalar i\u00e7in ham madde olarak kullan\u0131l\u0131r<br \/>\nBaharat ve g\u0131da katk\u0131 maddelerinde de bir bile\u015fen olarak kullan\u0131l\u0131r<\/p>\n<p><strong>Paketleme ve Depolama<\/strong><\/p>\n<p>25 KG\/VAR\u0130L<\/p>\n<p>&nbsp;<\/p>","protected":false},"excerpt":{"rendered":"<p>\u00dcr\u00fcn ad\u0131: Metil 4-hidroksibenzoat<\/p>\n<p>CAS:99-76-3<\/p>\n<p>MF:C8H8O3<\/p>\n<p>G\u00f6r\u00fcn\u00fcm: renksiz s\u0131v\u0131<\/p>","protected":false},"featured_media":2089,"template":"","meta":{"_acf_changed":false,"_gspb_post_css":""},"product_brand":[],"product_cat":[69],"product_tag":[],"class_list":{"0":"post-5924","1":"product","2":"type-product","3":"status-publish","4":"has-post-thumbnail","6":"product_cat-more","8":"first","9":"instock","10":"shipping-taxable","11":"product-type-simple"},"acf":[],"_links":{"self":[{"href":"https:\/\/wpachem.com\/tr\/wp-json\/wp\/v2\/product\/5924","targetHints":{"allow":["GET"]}}],"collection":[{"href":"https:\/\/wpachem.com\/tr\/wp-json\/wp\/v2\/product"}],"about":[{"href":"https:\/\/wpachem.com\/tr\/wp-json\/wp\/v2\/types\/product"}],"version-history":[{"count":0,"href":"https:\/\/wpachem.com\/tr\/wp-json\/wp\/v2\/product\/5924\/revisions"}],"wp:featuredmedia":[{"embeddable":true,"href":"https:\/\/wpachem.com\/tr\/wp-json\/wp\/v2\/media\/2089"}],"wp:attachment":[{"href":"https:\/\/wpachem.com\/tr\/wp-json\/wp\/v2\/media?parent=5924"}],"wp:term":[{"taxonomy":"product_brand","embeddable":true,"href":"https:\/\/wpachem.com\/tr\/wp-json\/wp\/v2\/product_brand?post=5924"},{"taxonomy":"product_cat","embeddable":true,"href":"https:\/\/wpachem.com\/tr\/wp-json\/wp\/v2\/product_cat?post=5924"},{"taxonomy":"product_tag","embeddable":true,"href":"https:\/\/wpachem.com\/tr\/wp-json\/wp\/v2\/product_tag?post=5924"}],"curies":[{"name":"wp","href":"https:\/\/api.w.org\/{rel}","templated":true}]}}