{"id":5926,"date":"2024-02-06T09:50:20","date_gmt":"2024-02-06T09:50:20","guid":{"rendered":"https:\/\/wpachem.com\/?post_type=product&#038;p=5926"},"modified":"2024-04-26T05:39:55","modified_gmt":"2024-04-26T05:39:55","slug":"octanal-cas-124-13-0","status":"publish","type":"product","link":"https:\/\/wpachem.com\/tr\/urun\/octanal-cas-124-13-0\/","title":{"rendered":"Sekizli CAS 124-13-0"},"content":{"rendered":"<p><strong>\u00d6zellik<\/strong><\/p>\n<p>Berrak renksiz ila a\u00e7\u0131k sar\u0131 s\u0131v\u0131, ya\u011fl\u0131 portakal kokusu, meyveli yasemin notalar\u0131. Tutu\u015f g\u00fcc\u00fc zay\u0131f.<\/p>\n<p><strong>Ba\u015fvuru:<\/strong><\/p>\n<ol>\n<li>G\u00fcl ba\u015f\u0131 kokusunun bile\u015fenlerinden biridir ve tatl\u0131 portakal \u00e7i\u00e7e\u011fi, ac\u0131 portakal \u00e7i\u00e7e\u011fi, bergamot ve narenciye kolonyas\u0131nda da kullan\u0131l\u0131r. Ayr\u0131ca taklit krema, \u00e7ikolata, kay\u0131s\u0131, erik, \u00fcz\u00fcm, limon, tatl\u0131 portakal, peynir ve di\u011fer yenilebilir tatlarda da kullan\u0131labilir.<\/li>\n<li>Esas olarak turun\u00e7gil baharatlar\u0131n\u0131n harmanlanmas\u0131nda, i\u00e7eceklerde, dondurmada, \u015fekerlemede, ekmekte vb. kullan\u0131l\u0131r, miktar\u0131 1.4-4.4ppm olup, sabun, deterjan baharat\u0131 olarak da kullan\u0131labilir. Oktilaldehit ayr\u0131ca organik sentezde bir ara maddedir.<\/li>\n<\/ol>","protected":false},"excerpt":{"rendered":"<p>\u00dcr\u00fcn ad\u0131:Octanal<\/p>\n<p>Kasa numaras\u0131: 124-13-0<\/p>\n<p>MF: C8H16O<\/p>\n<p>G\u00f6r\u00fcn\u00fcm: Berrak renksiz ila a\u00e7\u0131k sar\u0131 s\u0131v\u0131<\/p>","protected":false},"featured_media":4787,"template":"","meta":{"_acf_changed":false,"_gspb_post_css":""},"product_brand":[],"product_cat":[52,24],"product_tag":[],"class_list":{"0":"post-5926","1":"product","2":"type-product","3":"status-publish","4":"has-post-thumbnail","6":"product_cat-pigment","7":"product_cat-uncategorized","9":"first","10":"instock","11":"shipping-taxable","12":"product-type-simple"},"acf":[],"_links":{"self":[{"href":"https:\/\/wpachem.com\/tr\/wp-json\/wp\/v2\/product\/5926","targetHints":{"allow":["GET"]}}],"collection":[{"href":"https:\/\/wpachem.com\/tr\/wp-json\/wp\/v2\/product"}],"about":[{"href":"https:\/\/wpachem.com\/tr\/wp-json\/wp\/v2\/types\/product"}],"version-history":[{"count":0,"href":"https:\/\/wpachem.com\/tr\/wp-json\/wp\/v2\/product\/5926\/revisions"}],"wp:featuredmedia":[{"embeddable":true,"href":"https:\/\/wpachem.com\/tr\/wp-json\/wp\/v2\/media\/4787"}],"wp:attachment":[{"href":"https:\/\/wpachem.com\/tr\/wp-json\/wp\/v2\/media?parent=5926"}],"wp:term":[{"taxonomy":"product_brand","embeddable":true,"href":"https:\/\/wpachem.com\/tr\/wp-json\/wp\/v2\/product_brand?post=5926"},{"taxonomy":"product_cat","embeddable":true,"href":"https:\/\/wpachem.com\/tr\/wp-json\/wp\/v2\/product_cat?post=5926"},{"taxonomy":"product_tag","embeddable":true,"href":"https:\/\/wpachem.com\/tr\/wp-json\/wp\/v2\/product_tag?post=5926"}],"curies":[{"name":"wp","href":"https:\/\/api.w.org\/{rel}","templated":true}]}}