{"id":5929,"date":"2024-02-06T09:55:51","date_gmt":"2024-02-06T09:55:51","guid":{"rendered":"https:\/\/wpachem.com\/?post_type=product&#038;p=5929"},"modified":"2024-02-07T01:12:28","modified_gmt":"2024-02-07T01:12:28","slug":"ethyl-3-hydroxybutyrate-cas-5405-41-4","status":"publish","type":"product","link":"https:\/\/wpachem.com\/tr\/urun\/ethyl-3-hydroxybutyrate-cas-5405-41-4\/","title":{"rendered":"Etil 3-hidroksibutirat CAS 5405-41-4"},"content":{"rendered":"<p><strong>\u00d6zellik<\/strong><\/p>\n<p>Renksiz k\u0131vaml\u0131 s\u0131v\u0131, meyvemsi, \u00fcz\u00fcm, ye\u015fil ve beyaz \u015farap benzeri aroma.<\/p>\n<p><strong>Ba\u015fvuru:<\/strong><\/p>\n<p>yenilebilir baharat<\/p>","protected":false},"excerpt":{"rendered":"<p>\u00dcr\u00fcn ad\u0131: Etil 3-hidroksibutirat<\/p>\n<p>Kasa numaras\u0131: 5405-41-4<\/p>\n<p>MF: C6H12O3<\/p>\n<p>G\u00f6r\u00fcn\u00fcm: Renksiz, viskoz s\u0131v\u0131<\/p>","protected":false},"featured_media":4763,"template":"","meta":{"_acf_changed":false,"_gspb_post_css":""},"product_brand":[],"product_cat":[61],"product_tag":[],"class_list":{"0":"post-5929","1":"product","2":"type-product","3":"status-publish","4":"has-post-thumbnail","6":"product_cat-flavor-and-fragrance","8":"first","9":"instock","10":"shipping-taxable","11":"product-type-simple"},"acf":[],"_links":{"self":[{"href":"https:\/\/wpachem.com\/tr\/wp-json\/wp\/v2\/product\/5929","targetHints":{"allow":["GET"]}}],"collection":[{"href":"https:\/\/wpachem.com\/tr\/wp-json\/wp\/v2\/product"}],"about":[{"href":"https:\/\/wpachem.com\/tr\/wp-json\/wp\/v2\/types\/product"}],"version-history":[{"count":0,"href":"https:\/\/wpachem.com\/tr\/wp-json\/wp\/v2\/product\/5929\/revisions"}],"wp:featuredmedia":[{"embeddable":true,"href":"https:\/\/wpachem.com\/tr\/wp-json\/wp\/v2\/media\/4763"}],"wp:attachment":[{"href":"https:\/\/wpachem.com\/tr\/wp-json\/wp\/v2\/media?parent=5929"}],"wp:term":[{"taxonomy":"product_brand","embeddable":true,"href":"https:\/\/wpachem.com\/tr\/wp-json\/wp\/v2\/product_brand?post=5929"},{"taxonomy":"product_cat","embeddable":true,"href":"https:\/\/wpachem.com\/tr\/wp-json\/wp\/v2\/product_cat?post=5929"},{"taxonomy":"product_tag","embeddable":true,"href":"https:\/\/wpachem.com\/tr\/wp-json\/wp\/v2\/product_tag?post=5929"}],"curies":[{"name":"wp","href":"https:\/\/api.w.org\/{rel}","templated":true}]}}