{"id":5931,"date":"2024-02-06T09:53:21","date_gmt":"2024-02-06T09:53:21","guid":{"rendered":"https:\/\/wpachem.com\/?post_type=product&#038;p=5931"},"modified":"2024-02-06T10:00:25","modified_gmt":"2024-02-06T10:00:25","slug":"glyceryl-glucoside-cas-22160-26-5","status":"publish","type":"product","link":"https:\/\/wpachem.com\/tr\/urun\/glyceryl-glucoside-cas-22160-26-5\/","title":{"rendered":"Gliseril Glukozit CAS 22160-26-5"},"content":{"rendered":"<p>Beyaz bir tozdur.<\/p>\n<p><strong>Ba\u015fvuru<\/strong><\/p>\n<p>\u015eampuan, du\u015f jeli, y\u00fcz temizleyici, di\u015f macunu ve di\u011fer \u00fcr\u00fcnlerde y\u00fczey aktif madde olarak s\u0131kl\u0131kla kullan\u0131l\u0131r ve iyi bir temizleyici ve nemlendirici etkiye sahiptir.<br \/>\nAyr\u0131ca d\u00fczeltici lens temizleme sol\u00fcsyonlar\u0131 ve g\u00f6z damlalar\u0131 gibi g\u00f6z bak\u0131m \u00fcr\u00fcnlerinin haz\u0131rlanmas\u0131nda da s\u0131kl\u0131kla kullan\u0131l\u0131r.<\/p>\n<p><strong>Paketleme ve Depolama<\/strong><\/p>\n<p>25 KG\/TORBA<\/p>\n<p>&nbsp;<\/p>","protected":false},"excerpt":{"rendered":"<p>\u00dcr\u00fcn ad\u0131: Gliseril Glukozit<\/p>\n<p>CAS:22160-26-5<\/p>\n<p>MF:C9H18O8<\/p>\n<p>G\u00f6r\u00fcn\u00fcm: beyaz toz<\/p>","protected":false},"featured_media":5179,"template":"","meta":{"_acf_changed":false,"_gspb_post_css":""},"product_brand":[],"product_cat":[60,132],"product_tag":[],"class_list":{"0":"post-5931","1":"product","2":"type-product","3":"status-publish","4":"has-post-thumbnail","6":"product_cat-cosmetic-ingredients","7":"product_cat-moisturizing","9":"first","10":"instock","11":"shipping-taxable","12":"product-type-simple"},"acf":[],"_links":{"self":[{"href":"https:\/\/wpachem.com\/tr\/wp-json\/wp\/v2\/product\/5931","targetHints":{"allow":["GET"]}}],"collection":[{"href":"https:\/\/wpachem.com\/tr\/wp-json\/wp\/v2\/product"}],"about":[{"href":"https:\/\/wpachem.com\/tr\/wp-json\/wp\/v2\/types\/product"}],"version-history":[{"count":0,"href":"https:\/\/wpachem.com\/tr\/wp-json\/wp\/v2\/product\/5931\/revisions"}],"wp:featuredmedia":[{"embeddable":true,"href":"https:\/\/wpachem.com\/tr\/wp-json\/wp\/v2\/media\/5179"}],"wp:attachment":[{"href":"https:\/\/wpachem.com\/tr\/wp-json\/wp\/v2\/media?parent=5931"}],"wp:term":[{"taxonomy":"product_brand","embeddable":true,"href":"https:\/\/wpachem.com\/tr\/wp-json\/wp\/v2\/product_brand?post=5931"},{"taxonomy":"product_cat","embeddable":true,"href":"https:\/\/wpachem.com\/tr\/wp-json\/wp\/v2\/product_cat?post=5931"},{"taxonomy":"product_tag","embeddable":true,"href":"https:\/\/wpachem.com\/tr\/wp-json\/wp\/v2\/product_tag?post=5931"}],"curies":[{"name":"wp","href":"https:\/\/api.w.org\/{rel}","templated":true}]}}