{"id":5935,"date":"2024-02-07T01:16:58","date_gmt":"2024-02-07T01:16:58","guid":{"rendered":"https:\/\/wpachem.com\/?post_type=product&#038;p=5935"},"modified":"2024-02-07T01:16:58","modified_gmt":"2024-02-07T01:16:58","slug":"octyl-acetate-cas-112-14-1","status":"publish","type":"product","link":"https:\/\/wpachem.com\/tr\/urun\/octyl-acetate-cas-112-14-1\/","title":{"rendered":"Oktil asetat CAS 112-14-1"},"content":{"rendered":"<p><strong>\u00d6zellik<\/strong><\/p>\n<p>Berrak renksiz s\u0131v\u0131, suda \u00e7\u00f6z\u00fcnmez, portakal yasemin kokusu<\/p>\n<p><strong>Ba\u015fvuru:<\/strong><\/p>\n<p>Genellikle yasemin, gardenya, tatl\u0131 portakal \u00e7i\u00e7e\u011fi, narenciye, s\u00fcsen i\u00e7in az miktarda kullan\u0131l\u0131r. Ayr\u0131ca ahududu, \u00e7ilek, kiraz, elma, limon, \u015feftali, armut, brendi ve di\u011fer yenilebilir tatlarda eser miktarda kullan\u0131l\u0131r.<\/p>","protected":false},"excerpt":{"rendered":"<p>\u00dcr\u00fcn ad\u0131:Oktil asetat<\/p>\n<p>Kasa numaras\u0131: 112-14-1<\/p>\n<p>MF: C10H20O2<\/p>\n<p>G\u00f6r\u00fcn\u00fcm: Berrak renksiz s\u0131v\u0131<\/p>","protected":false},"featured_media":5867,"template":"","meta":{"_acf_changed":false,"_gspb_post_css":""},"product_brand":[],"product_cat":[61],"product_tag":[],"class_list":{"0":"post-5935","1":"product","2":"type-product","3":"status-publish","4":"has-post-thumbnail","6":"product_cat-flavor-and-fragrance","8":"first","9":"instock","10":"shipping-taxable","11":"product-type-simple"},"acf":[],"_links":{"self":[{"href":"https:\/\/wpachem.com\/tr\/wp-json\/wp\/v2\/product\/5935","targetHints":{"allow":["GET"]}}],"collection":[{"href":"https:\/\/wpachem.com\/tr\/wp-json\/wp\/v2\/product"}],"about":[{"href":"https:\/\/wpachem.com\/tr\/wp-json\/wp\/v2\/types\/product"}],"version-history":[{"count":0,"href":"https:\/\/wpachem.com\/tr\/wp-json\/wp\/v2\/product\/5935\/revisions"}],"wp:featuredmedia":[{"embeddable":true,"href":"https:\/\/wpachem.com\/tr\/wp-json\/wp\/v2\/media\/5867"}],"wp:attachment":[{"href":"https:\/\/wpachem.com\/tr\/wp-json\/wp\/v2\/media?parent=5935"}],"wp:term":[{"taxonomy":"product_brand","embeddable":true,"href":"https:\/\/wpachem.com\/tr\/wp-json\/wp\/v2\/product_brand?post=5935"},{"taxonomy":"product_cat","embeddable":true,"href":"https:\/\/wpachem.com\/tr\/wp-json\/wp\/v2\/product_cat?post=5935"},{"taxonomy":"product_tag","embeddable":true,"href":"https:\/\/wpachem.com\/tr\/wp-json\/wp\/v2\/product_tag?post=5935"}],"curies":[{"name":"wp","href":"https:\/\/api.w.org\/{rel}","templated":true}]}}