{"id":5937,"date":"2024-02-07T01:21:15","date_gmt":"2024-02-07T01:21:15","guid":{"rendered":"https:\/\/wpachem.com\/?post_type=product&#038;p=5937"},"modified":"2024-02-07T01:21:15","modified_gmt":"2024-02-07T01:21:15","slug":"anethole-cas-104-46-1","status":"publish","type":"product","link":"https:\/\/wpachem.com\/tr\/urun\/anethole-cas-104-46-1\/","title":{"rendered":"Anetol CAS 104-46-1"},"content":{"rendered":"<p><strong>\u00d6zellik<\/strong><\/p>\n<p>Ya\u011fl\u0131 s\u0131v\u0131, tatl\u0131 anason, meyan k\u00f6k\u00fc kokusu<\/p>\n<p><strong>Ba\u015fvuru:<\/strong><\/p>\n<p>\u00d6zel bir anason kokusu ve buna kar\u015f\u0131l\u0131k gelen tatl\u0131 bir tada sahiptir, t\u00fcm yiyeceklerde, \u00f6zellikle hamur i\u015flerinde kullan\u0131labilir. Ayr\u0131ca anisaldehit, anisol \u00fcretimi ve ila\u00e7-negatif hormon heksestradiol\u00fcn sentezi i\u00e7in hammaddedir. Rezene beyni, rezene \u00f6z\u00fc, meyan k\u00f6k\u00fc \u00f6z\u00fc, defne \u00f6z\u00fc vb. haz\u0131rlanmas\u0131nda yayg\u0131n olarak kullan\u0131labilir ve ayr\u0131ca di\u015f macunu, gargara, kozmetik, sabun vb.&#039;de kullan\u0131labilir.<\/p>","protected":false},"excerpt":{"rendered":"<p>\u00dcr\u00fcn ad\u0131:Anethole<\/p>\n<p>Kasa numaras\u0131: 104-46-1<\/p>\n<p>MF:C10H12O<\/p>\n<p>G\u00f6r\u00fcn\u00fcm: Ya\u011fl\u0131 s\u0131v\u0131<\/p>","protected":false},"featured_media":3323,"template":"","meta":{"_acf_changed":false,"_gspb_post_css":""},"product_brand":[],"product_cat":[61],"product_tag":[],"class_list":{"0":"post-5937","1":"product","2":"type-product","3":"status-publish","4":"has-post-thumbnail","6":"product_cat-flavor-and-fragrance","8":"first","9":"instock","10":"shipping-taxable","11":"product-type-simple"},"acf":[],"_links":{"self":[{"href":"https:\/\/wpachem.com\/tr\/wp-json\/wp\/v2\/product\/5937","targetHints":{"allow":["GET"]}}],"collection":[{"href":"https:\/\/wpachem.com\/tr\/wp-json\/wp\/v2\/product"}],"about":[{"href":"https:\/\/wpachem.com\/tr\/wp-json\/wp\/v2\/types\/product"}],"version-history":[{"count":0,"href":"https:\/\/wpachem.com\/tr\/wp-json\/wp\/v2\/product\/5937\/revisions"}],"wp:featuredmedia":[{"embeddable":true,"href":"https:\/\/wpachem.com\/tr\/wp-json\/wp\/v2\/media\/3323"}],"wp:attachment":[{"href":"https:\/\/wpachem.com\/tr\/wp-json\/wp\/v2\/media?parent=5937"}],"wp:term":[{"taxonomy":"product_brand","embeddable":true,"href":"https:\/\/wpachem.com\/tr\/wp-json\/wp\/v2\/product_brand?post=5937"},{"taxonomy":"product_cat","embeddable":true,"href":"https:\/\/wpachem.com\/tr\/wp-json\/wp\/v2\/product_cat?post=5937"},{"taxonomy":"product_tag","embeddable":true,"href":"https:\/\/wpachem.com\/tr\/wp-json\/wp\/v2\/product_tag?post=5937"}],"curies":[{"name":"wp","href":"https:\/\/api.w.org\/{rel}","templated":true}]}}