{"id":5939,"date":"2024-02-07T01:35:57","date_gmt":"2024-02-07T01:35:57","guid":{"rendered":"https:\/\/wpachem.com\/?post_type=product&#038;p=5939"},"modified":"2024-04-26T05:39:54","modified_gmt":"2024-04-26T05:39:54","slug":"floramelon-cas-1205-17-0","status":"publish","type":"product","link":"https:\/\/wpachem.com\/tr\/urun\/floramelon-cas-1205-17-0\/","title":{"rendered":"Floramelon CAS 1205-17-0"},"content":{"rendered":"<p><strong>\u00d6zellik<\/strong><\/p>\n<p>Ticari parf\u00fcmlerde ve kokularda yayg\u0131n olarak kullan\u0131lan, \u00e7i\u00e7eksi bir aromaya sahip a\u00e7\u0131k turuncu ila sar\u0131 ila ye\u015fil renkte berrak s\u0131v\u0131<\/p>\n<p><strong>Ba\u015fvuru:<\/strong><\/p>\n<p>D\u00fcnyada yayg\u0131n olarak kullan\u0131lan, hafif tav\u015fan benzeri \u00e7i\u00e7eksi bir aromaya sahip bir koku t\u00fcr\u00fcd\u00fcr. Kozmetik ve sabun kokular\u0131n\u0131n form\u00fcl\u00fcnde miktar\u0131 20% i\u00e7indedir, kullan\u0131m\u0131 b\u00fcy\u00fckt\u00fcr ve fiyat\u0131 y\u00fcksektir.<br \/>\nKozmetik ve deterjanlarda kullan\u0131l\u0131r<\/p>","protected":false},"excerpt":{"rendered":"<p>\u00dcr\u00fcn ad\u0131: Floramelon<\/p>\n<p>Kasa numaras\u0131: 1205-17-0<\/p>\n<p>MF:C11H12O3<\/p>\n<p>G\u00f6r\u00fcn\u00fcm: A\u00e7\u0131k turuncu ila sar\u0131 ila ye\u015fil berrak s\u0131v\u0131<\/p>","protected":false},"featured_media":4788,"template":"","meta":{"_acf_changed":false,"_gspb_post_css":""},"product_brand":[],"product_cat":[52,61,24],"product_tag":[],"class_list":{"0":"post-5939","1":"product","2":"type-product","3":"status-publish","4":"has-post-thumbnail","6":"product_cat-pigment","7":"product_cat-flavor-and-fragrance","8":"product_cat-uncategorized","10":"first","11":"instock","12":"shipping-taxable","13":"product-type-simple"},"acf":[],"_links":{"self":[{"href":"https:\/\/wpachem.com\/tr\/wp-json\/wp\/v2\/product\/5939","targetHints":{"allow":["GET"]}}],"collection":[{"href":"https:\/\/wpachem.com\/tr\/wp-json\/wp\/v2\/product"}],"about":[{"href":"https:\/\/wpachem.com\/tr\/wp-json\/wp\/v2\/types\/product"}],"version-history":[{"count":0,"href":"https:\/\/wpachem.com\/tr\/wp-json\/wp\/v2\/product\/5939\/revisions"}],"wp:featuredmedia":[{"embeddable":true,"href":"https:\/\/wpachem.com\/tr\/wp-json\/wp\/v2\/media\/4788"}],"wp:attachment":[{"href":"https:\/\/wpachem.com\/tr\/wp-json\/wp\/v2\/media?parent=5939"}],"wp:term":[{"taxonomy":"product_brand","embeddable":true,"href":"https:\/\/wpachem.com\/tr\/wp-json\/wp\/v2\/product_brand?post=5939"},{"taxonomy":"product_cat","embeddable":true,"href":"https:\/\/wpachem.com\/tr\/wp-json\/wp\/v2\/product_cat?post=5939"},{"taxonomy":"product_tag","embeddable":true,"href":"https:\/\/wpachem.com\/tr\/wp-json\/wp\/v2\/product_tag?post=5939"}],"curies":[{"name":"wp","href":"https:\/\/api.w.org\/{rel}","templated":true}]}}