{"id":5941,"date":"2024-02-07T01:39:39","date_gmt":"2024-02-07T01:39:39","guid":{"rendered":"https:\/\/wpachem.com\/?post_type=product&#038;p=5941"},"modified":"2024-02-07T01:39:39","modified_gmt":"2024-02-07T01:39:39","slug":"ethyl-levulinate-cas-539-88-8","status":"publish","type":"product","link":"https:\/\/wpachem.com\/tr\/urun\/ethyl-levulinate-cas-539-88-8\/","title":{"rendered":"Etil Levulinat CAS 539-88-8"},"content":{"rendered":"<p><strong>\u00d6zellik<\/strong><\/p>\n<p>Suda \u00e7\u00f6z\u00fcn\u00fcr \u015feffaf sar\u0131 s\u0131v\u0131, tatl\u0131 meyveli \u00e7i\u00e7eksi<\/p>\n<p><strong>Ba\u015fvuru:<\/strong><\/p>\n<p>yenilebilir baharat<\/p>","protected":false},"excerpt":{"rendered":"<p>\u00dcr\u00fcn ad\u0131: Etil Levulinat<\/p>\n<p>Kasa numaras\u0131: 539-88-8<\/p>\n<p>MF:C7H12O3<\/p>\n<p>G\u00f6r\u00fcn\u00fcm: \u015feffaf sar\u0131 s\u0131v\u0131<\/p>","protected":false},"featured_media":4786,"template":"","meta":{"_acf_changed":false,"_gspb_post_css":""},"product_brand":[],"product_cat":[61],"product_tag":[],"class_list":{"0":"post-5941","1":"product","2":"type-product","3":"status-publish","4":"has-post-thumbnail","6":"product_cat-flavor-and-fragrance","8":"first","9":"instock","10":"shipping-taxable","11":"product-type-simple"},"acf":[],"_links":{"self":[{"href":"https:\/\/wpachem.com\/tr\/wp-json\/wp\/v2\/product\/5941","targetHints":{"allow":["GET"]}}],"collection":[{"href":"https:\/\/wpachem.com\/tr\/wp-json\/wp\/v2\/product"}],"about":[{"href":"https:\/\/wpachem.com\/tr\/wp-json\/wp\/v2\/types\/product"}],"version-history":[{"count":0,"href":"https:\/\/wpachem.com\/tr\/wp-json\/wp\/v2\/product\/5941\/revisions"}],"wp:featuredmedia":[{"embeddable":true,"href":"https:\/\/wpachem.com\/tr\/wp-json\/wp\/v2\/media\/4786"}],"wp:attachment":[{"href":"https:\/\/wpachem.com\/tr\/wp-json\/wp\/v2\/media?parent=5941"}],"wp:term":[{"taxonomy":"product_brand","embeddable":true,"href":"https:\/\/wpachem.com\/tr\/wp-json\/wp\/v2\/product_brand?post=5941"},{"taxonomy":"product_cat","embeddable":true,"href":"https:\/\/wpachem.com\/tr\/wp-json\/wp\/v2\/product_cat?post=5941"},{"taxonomy":"product_tag","embeddable":true,"href":"https:\/\/wpachem.com\/tr\/wp-json\/wp\/v2\/product_tag?post=5941"}],"curies":[{"name":"wp","href":"https:\/\/api.w.org\/{rel}","templated":true}]}}