{"id":5943,"date":"2024-02-07T01:48:20","date_gmt":"2024-02-07T01:48:20","guid":{"rendered":"https:\/\/wpachem.com\/?post_type=product&#038;p=5943"},"modified":"2024-02-07T01:48:20","modified_gmt":"2024-02-07T01:48:20","slug":"nerol-cas-106-25-2","status":"publish","type":"product","link":"https:\/\/wpachem.com\/tr\/urun\/nerol-cas-106-25-2\/","title":{"rendered":"Nerol CAS 106-25-2"},"content":{"rendered":"<p><strong>\u00d6zellik<\/strong><\/p>\n<p>Berrak, renksiz veya neredeyse renksiz s\u0131v\u0131, tatl\u0131, do\u011fal narenciye aromas\u0131.<\/p>\n<p><strong>Ba\u015fvuru:<\/strong><\/p>\n<p>\u00c7o\u011funlukla \u00e7ilek, ahududu ve turun\u00e7gil aromas\u0131 haz\u0131rlamak i\u00e7in kullan\u0131l\u0131r. \u00dcr\u00fcn ayr\u0131ca menek\u015fe, neroli, yasemin, vadi zamba\u011f\u0131, manolya, karanfil ve di\u011fer \u00e7i\u00e7ek kokulu makyaj aromalar\u0131 gibi g\u00fcnl\u00fck kozmetik aromalar\u0131 haz\u0131rlamak i\u00e7in de kullan\u0131l\u0131r.<\/p>","protected":false},"excerpt":{"rendered":"<p>\u00dcr\u00fcn ad\u0131: Nerol<\/p>\n<p>Kasa numaras\u0131: 106-25-2<\/p>\n<p>MF:C10H18O<\/p>\n<p>G\u00f6r\u00fcn\u00fcm: Berrak renksiz ila neredeyse renksiz s\u0131v\u0131,<\/p>","protected":false},"featured_media":4878,"template":"","meta":{"_acf_changed":false,"_gspb_post_css":""},"product_brand":[],"product_cat":[61],"product_tag":[],"class_list":{"0":"post-5943","1":"product","2":"type-product","3":"status-publish","4":"has-post-thumbnail","6":"product_cat-flavor-and-fragrance","8":"first","9":"instock","10":"shipping-taxable","11":"product-type-simple"},"acf":[],"_links":{"self":[{"href":"https:\/\/wpachem.com\/tr\/wp-json\/wp\/v2\/product\/5943","targetHints":{"allow":["GET"]}}],"collection":[{"href":"https:\/\/wpachem.com\/tr\/wp-json\/wp\/v2\/product"}],"about":[{"href":"https:\/\/wpachem.com\/tr\/wp-json\/wp\/v2\/types\/product"}],"version-history":[{"count":0,"href":"https:\/\/wpachem.com\/tr\/wp-json\/wp\/v2\/product\/5943\/revisions"}],"wp:featuredmedia":[{"embeddable":true,"href":"https:\/\/wpachem.com\/tr\/wp-json\/wp\/v2\/media\/4878"}],"wp:attachment":[{"href":"https:\/\/wpachem.com\/tr\/wp-json\/wp\/v2\/media?parent=5943"}],"wp:term":[{"taxonomy":"product_brand","embeddable":true,"href":"https:\/\/wpachem.com\/tr\/wp-json\/wp\/v2\/product_brand?post=5943"},{"taxonomy":"product_cat","embeddable":true,"href":"https:\/\/wpachem.com\/tr\/wp-json\/wp\/v2\/product_cat?post=5943"},{"taxonomy":"product_tag","embeddable":true,"href":"https:\/\/wpachem.com\/tr\/wp-json\/wp\/v2\/product_tag?post=5943"}],"curies":[{"name":"wp","href":"https:\/\/api.w.org\/{rel}","templated":true}]}}