{"id":5945,"date":"2024-02-07T02:24:42","date_gmt":"2024-02-07T02:24:42","guid":{"rendered":"https:\/\/wpachem.com\/?post_type=product&#038;p=5945"},"modified":"2024-02-07T02:24:42","modified_gmt":"2024-02-07T02:24:42","slug":"5-decanolide-cas-705-86-2","status":"publish","type":"product","link":"https:\/\/wpachem.com\/tr\/urun\/5-decanolide-cas-705-86-2\/","title":{"rendered":"5-Dekanolid CAS 705-86-2"},"content":{"rendered":"<p><strong>\u00d6zellik<\/strong><\/p>\n<p>Berrak renksiz ya\u011fl\u0131 s\u0131v\u0131, taze tatl\u0131, meyveli, \u015feftali kremas\u0131 s\u00fct aromas\u0131<\/p>\n<p><strong>Ba\u015fvuru:<\/strong><\/p>\n<p>G\u00fcnl\u00fck kimyasal aromada, \u00e7e\u015fitli krema aromalar\u0131nda yayg\u0131n olarak kullan\u0131l\u0131r ve tipik ev e\u015fyalar\u0131nda iyi bir sabitleme etkisine sahiptir; (Sadece g\u0131da \u00f6zellikleri) G\u0131da aromas\u0131nda, \u00e7e\u015fitli meyvelere, mangoya, kay\u0131s\u0131ya, kremal\u0131 \u00e7ikolataya, s\u00fct \u00fcr\u00fcnlerine uygulanabilir, kumarinin yerini alabilir.<\/p>","protected":false},"excerpt":{"rendered":"<p>\u00dcr\u00fcn ad\u0131: 5-Dekanolid<\/p>\n<p>Kasa no.:705-86-2<\/p>\n<p>MF:C10H18O2<\/p>\n<p>G\u00f6r\u00fcn\u00fcm: Berrak renksiz ya\u011fl\u0131 s\u0131v\u0131<\/p>","protected":false},"featured_media":4787,"template":"","meta":{"_acf_changed":false,"_gspb_post_css":""},"product_brand":[],"product_cat":[61],"product_tag":[],"class_list":{"0":"post-5945","1":"product","2":"type-product","3":"status-publish","4":"has-post-thumbnail","6":"product_cat-flavor-and-fragrance","8":"first","9":"instock","10":"shipping-taxable","11":"product-type-simple"},"acf":[],"_links":{"self":[{"href":"https:\/\/wpachem.com\/tr\/wp-json\/wp\/v2\/product\/5945","targetHints":{"allow":["GET"]}}],"collection":[{"href":"https:\/\/wpachem.com\/tr\/wp-json\/wp\/v2\/product"}],"about":[{"href":"https:\/\/wpachem.com\/tr\/wp-json\/wp\/v2\/types\/product"}],"version-history":[{"count":0,"href":"https:\/\/wpachem.com\/tr\/wp-json\/wp\/v2\/product\/5945\/revisions"}],"wp:featuredmedia":[{"embeddable":true,"href":"https:\/\/wpachem.com\/tr\/wp-json\/wp\/v2\/media\/4787"}],"wp:attachment":[{"href":"https:\/\/wpachem.com\/tr\/wp-json\/wp\/v2\/media?parent=5945"}],"wp:term":[{"taxonomy":"product_brand","embeddable":true,"href":"https:\/\/wpachem.com\/tr\/wp-json\/wp\/v2\/product_brand?post=5945"},{"taxonomy":"product_cat","embeddable":true,"href":"https:\/\/wpachem.com\/tr\/wp-json\/wp\/v2\/product_cat?post=5945"},{"taxonomy":"product_tag","embeddable":true,"href":"https:\/\/wpachem.com\/tr\/wp-json\/wp\/v2\/product_tag?post=5945"}],"curies":[{"name":"wp","href":"https:\/\/api.w.org\/{rel}","templated":true}]}}