{"id":5948,"date":"2024-02-07T02:32:32","date_gmt":"2024-02-07T02:32:32","guid":{"rendered":"https:\/\/wpachem.com\/?post_type=product&#038;p=5948"},"modified":"2024-02-07T02:32:32","modified_gmt":"2024-02-07T02:32:32","slug":"4-hydroxystyrene-cas-2628-17-3","status":"publish","type":"product","link":"https:\/\/wpachem.com\/tr\/urun\/4-hydroxystyrene-cas-2628-17-3\/","title":{"rendered":"4-Hidroksistiren CAS 2628-17-3"},"content":{"rendered":"<p><strong>\u00d6zellik<\/strong><\/p>\n<p>Berrak renksiz ila turuncu, 0.01% propilen glikol \u00e7\u00f6zeltisi. Kimyasal fenolik tat<\/p>\n<p><strong>Ba\u015fvuru:<\/strong><\/p>\n<p>Beyaz veya a\u00e7\u0131k sar\u0131 renkte bir kristal t\u00fcr\u00fcd\u00fcr, belirli bir toksisiteye ve korozyona sahiptir, uygulama beklentileri \u00e7ok geni\u015ftir, malzeme, t\u0131p, kimya ve di\u011fer alanlarda yayg\u0131n olarak kullan\u0131lacak ve geli\u015ftirilecektir.<\/p>","protected":false},"excerpt":{"rendered":"<p>\u00dcr\u00fcn ad\u0131: 4-Hidroksistiren<\/p>\n<p>Kasa no.:2628-17-3<\/p>\n<p>MF:C8H8O<\/p>\n<p>G\u00f6r\u00fcn\u00fcm: Berrak renksiz ya\u011fl\u0131 s\u0131v\u0131<\/p>","protected":false},"featured_media":5860,"template":"","meta":{"_acf_changed":false,"_gspb_post_css":""},"product_brand":[],"product_cat":[61],"product_tag":[],"class_list":{"0":"post-5948","1":"product","2":"type-product","3":"status-publish","4":"has-post-thumbnail","6":"product_cat-flavor-and-fragrance","8":"first","9":"instock","10":"shipping-taxable","11":"product-type-simple"},"acf":[],"_links":{"self":[{"href":"https:\/\/wpachem.com\/tr\/wp-json\/wp\/v2\/product\/5948","targetHints":{"allow":["GET"]}}],"collection":[{"href":"https:\/\/wpachem.com\/tr\/wp-json\/wp\/v2\/product"}],"about":[{"href":"https:\/\/wpachem.com\/tr\/wp-json\/wp\/v2\/types\/product"}],"version-history":[{"count":0,"href":"https:\/\/wpachem.com\/tr\/wp-json\/wp\/v2\/product\/5948\/revisions"}],"wp:featuredmedia":[{"embeddable":true,"href":"https:\/\/wpachem.com\/tr\/wp-json\/wp\/v2\/media\/5860"}],"wp:attachment":[{"href":"https:\/\/wpachem.com\/tr\/wp-json\/wp\/v2\/media?parent=5948"}],"wp:term":[{"taxonomy":"product_brand","embeddable":true,"href":"https:\/\/wpachem.com\/tr\/wp-json\/wp\/v2\/product_brand?post=5948"},{"taxonomy":"product_cat","embeddable":true,"href":"https:\/\/wpachem.com\/tr\/wp-json\/wp\/v2\/product_cat?post=5948"},{"taxonomy":"product_tag","embeddable":true,"href":"https:\/\/wpachem.com\/tr\/wp-json\/wp\/v2\/product_tag?post=5948"}],"curies":[{"name":"wp","href":"https:\/\/api.w.org\/{rel}","templated":true}]}}