{"id":5951,"date":"2024-02-07T02:41:21","date_gmt":"2024-02-07T02:41:21","guid":{"rendered":"https:\/\/wpachem.com\/?post_type=product&#038;p=5951"},"modified":"2024-02-07T02:41:21","modified_gmt":"2024-02-07T02:41:21","slug":"furfuryl-acetate-cas-623-17-6","status":"publish","type":"product","link":"https:\/\/wpachem.com\/tr\/urun\/furfuryl-acetate-cas-623-17-6\/","title":{"rendered":"Furfuril Asetat CAS 623-17-6"},"content":{"rendered":"<p><strong>\u00d6zellik<\/strong><\/p>\n<p>Renksiz \u015feffaf s\u0131v\u0131, tatl\u0131 muz aromal\u0131, boya, re\u00e7ine, koku verici maddelerde ara madde, \u00e7\u00f6z\u00fcc\u00fc olarak kullan\u0131lan.<\/p>\n<p><strong>Ba\u015fvuru:<\/strong><\/p>\n<p>Boyalar, re\u00e7ineler ve kokular i\u00e7in ara maddeler ve \u00e7\u00f6z\u00fcc\u00fcler.<\/p>","protected":false},"excerpt":{"rendered":"<p>\u00dcr\u00fcn ad\u0131: Furfuril Asetat<\/p>\n<p>Kasa no.:623-17-6<\/p>\n<p>MF:C7H8O3<\/p>\n<p>G\u00f6r\u00fcn\u00fcm: Renksiz \u015feffaf s\u0131v\u0131<\/p>","protected":false},"featured_media":4842,"template":"","meta":{"_acf_changed":false,"_gspb_post_css":""},"product_brand":[],"product_cat":[61],"product_tag":[],"class_list":{"0":"post-5951","1":"product","2":"type-product","3":"status-publish","4":"has-post-thumbnail","6":"product_cat-flavor-and-fragrance","8":"first","9":"instock","10":"shipping-taxable","11":"product-type-simple"},"acf":[],"_links":{"self":[{"href":"https:\/\/wpachem.com\/tr\/wp-json\/wp\/v2\/product\/5951","targetHints":{"allow":["GET"]}}],"collection":[{"href":"https:\/\/wpachem.com\/tr\/wp-json\/wp\/v2\/product"}],"about":[{"href":"https:\/\/wpachem.com\/tr\/wp-json\/wp\/v2\/types\/product"}],"version-history":[{"count":0,"href":"https:\/\/wpachem.com\/tr\/wp-json\/wp\/v2\/product\/5951\/revisions"}],"wp:featuredmedia":[{"embeddable":true,"href":"https:\/\/wpachem.com\/tr\/wp-json\/wp\/v2\/media\/4842"}],"wp:attachment":[{"href":"https:\/\/wpachem.com\/tr\/wp-json\/wp\/v2\/media?parent=5951"}],"wp:term":[{"taxonomy":"product_brand","embeddable":true,"href":"https:\/\/wpachem.com\/tr\/wp-json\/wp\/v2\/product_brand?post=5951"},{"taxonomy":"product_cat","embeddable":true,"href":"https:\/\/wpachem.com\/tr\/wp-json\/wp\/v2\/product_cat?post=5951"},{"taxonomy":"product_tag","embeddable":true,"href":"https:\/\/wpachem.com\/tr\/wp-json\/wp\/v2\/product_tag?post=5951"}],"curies":[{"name":"wp","href":"https:\/\/api.w.org\/{rel}","templated":true}]}}