{"id":5953,"date":"2024-02-07T02:45:31","date_gmt":"2024-02-07T02:45:31","guid":{"rendered":"https:\/\/wpachem.com\/?post_type=product&#038;p=5953"},"modified":"2024-02-07T02:45:32","modified_gmt":"2024-02-07T02:45:32","slug":"benzyl-alcohol-cas-100-51-6","status":"publish","type":"product","link":"https:\/\/wpachem.com\/tr\/urun\/benzyl-alcohol-cas-100-51-6\/","title":{"rendered":"Benzil alkol CAS 100-51-6"},"content":{"rendered":"<p><strong>\u00d6zellik<\/strong><\/p>\n<p>Berrak, renksiz s\u0131v\u0131<\/p>\n<p><strong>Ba\u015fvuru:<\/strong><\/p>\n<p>Bir\u00e7ok ho\u015f kokulu \u00e7i\u00e7ek esansiyel ya\u011f\u0131nda bulunur, bu nedenle yasemin, gardenya, leylak, ylang-ylang, s\u00fcmb\u00fcl, s\u00fcmb\u00fcl, akasya ve di\u011fer \u00e7i\u00e7ek aromalar\u0131nda benzil asetat ile kar\u0131\u015f\u0131m olarak kullan\u0131labilir ve koku sabitleme i\u015flevi vard\u0131r. Ayr\u0131ca genellikle yapay misk ve di\u011fer baharatlar\u0131 \u00e7\u00f6zmek i\u00e7in bir \u00e7\u00f6z\u00fcc\u00fc olarak kullan\u0131l\u0131r ve ayr\u0131ca s\u0131kl\u0131kla kiraz, \u00fcz\u00fcm, bal, tatl\u0131 portakal, ahududu, ceviz, vanilya \u00e7ekirde\u011fi ve di\u011fer g\u0131da aromalar\u0131nda kullan\u0131lan g\u0131da baharatlar\u0131 olarak kullan\u0131l\u0131r.<\/p>","protected":false},"excerpt":{"rendered":"<p>\u00dcr\u00fcn ad\u0131: Benzil alkol<\/p>\n<p>Kasa no.:100-51-6<\/p>\n<p>MF:C7H8O<\/p>\n<p>G\u00f6r\u00fcn\u00fcm: Berrak, renksiz s\u0131v\u0131<\/p>","protected":false},"featured_media":4793,"template":"","meta":{"_acf_changed":false,"_gspb_post_css":""},"product_brand":[],"product_cat":[61],"product_tag":[],"class_list":{"0":"post-5953","1":"product","2":"type-product","3":"status-publish","4":"has-post-thumbnail","6":"product_cat-flavor-and-fragrance","8":"first","9":"instock","10":"shipping-taxable","11":"product-type-simple"},"acf":[],"_links":{"self":[{"href":"https:\/\/wpachem.com\/tr\/wp-json\/wp\/v2\/product\/5953","targetHints":{"allow":["GET"]}}],"collection":[{"href":"https:\/\/wpachem.com\/tr\/wp-json\/wp\/v2\/product"}],"about":[{"href":"https:\/\/wpachem.com\/tr\/wp-json\/wp\/v2\/types\/product"}],"version-history":[{"count":0,"href":"https:\/\/wpachem.com\/tr\/wp-json\/wp\/v2\/product\/5953\/revisions"}],"wp:featuredmedia":[{"embeddable":true,"href":"https:\/\/wpachem.com\/tr\/wp-json\/wp\/v2\/media\/4793"}],"wp:attachment":[{"href":"https:\/\/wpachem.com\/tr\/wp-json\/wp\/v2\/media?parent=5953"}],"wp:term":[{"taxonomy":"product_brand","embeddable":true,"href":"https:\/\/wpachem.com\/tr\/wp-json\/wp\/v2\/product_brand?post=5953"},{"taxonomy":"product_cat","embeddable":true,"href":"https:\/\/wpachem.com\/tr\/wp-json\/wp\/v2\/product_cat?post=5953"},{"taxonomy":"product_tag","embeddable":true,"href":"https:\/\/wpachem.com\/tr\/wp-json\/wp\/v2\/product_tag?post=5953"}],"curies":[{"name":"wp","href":"https:\/\/api.w.org\/{rel}","templated":true}]}}