{"id":5957,"date":"2024-02-07T02:50:59","date_gmt":"2024-02-07T02:50:59","guid":{"rendered":"https:\/\/wpachem.com\/?post_type=product&#038;p=5957"},"modified":"2024-02-07T02:50:59","modified_gmt":"2024-02-07T02:50:59","slug":"phenethyl-alcohol-cas-60-12-8","status":"publish","type":"product","link":"https:\/\/wpachem.com\/tr\/urun\/phenethyl-alcohol-cas-60-12-8\/","title":{"rendered":"Fenetil alkol CAS 60-12-8"},"content":{"rendered":"<p><strong>\u00d6zellik<\/strong><\/p>\n<p>Berrak renksiz s\u0131v\u0131, g\u00fcl kokusu<\/p>\n<p><strong>Ba\u015fvuru:<\/strong><\/p>\n<p>G\u00fcl kokulu \u00e7i\u00e7ek esansiyel ya\u011f\u0131n\u0131n ve yasemin, karanfil, neroli vb. gibi \u00e7e\u015fitli \u00e7i\u00e7ek kokular\u0131n\u0131n da\u011f\u0131t\u0131m\u0131, sabun ve kozmetik aromalar\u0131n\u0131n da\u011f\u0131t\u0131m\u0131nda yayg\u0131n olarak kullan\u0131lan \u00e7i\u00e7ek esansiyel ya\u011f\u0131n\u0131n hemen hemen tamam\u0131n\u0131 da\u011f\u0131tabilir. Ayr\u0131ca, \u00e7ilek, \u015feftali, erik, kavun, karamel, bal, krema ve di\u011fer aromalar gibi \u00e7e\u015fitli aromalar da haz\u0131rlayabilirsiniz.<\/p>","protected":false},"excerpt":{"rendered":"<p>\u00dcr\u00fcn ad\u0131: Fenetil alkol<\/p>\n<p>Kasa no.:60-12-8<\/p>\n<p>MF:C8H10O<\/p>\n<p>G\u00f6r\u00fcn\u00fcm: Berrak renksiz s\u0131v\u0131,<\/p>","protected":false},"featured_media":5867,"template":"","meta":{"_acf_changed":false,"_gspb_post_css":""},"product_brand":[],"product_cat":[61],"product_tag":[],"class_list":{"0":"post-5957","1":"product","2":"type-product","3":"status-publish","4":"has-post-thumbnail","6":"product_cat-flavor-and-fragrance","8":"first","9":"instock","10":"shipping-taxable","11":"product-type-simple"},"acf":[],"_links":{"self":[{"href":"https:\/\/wpachem.com\/tr\/wp-json\/wp\/v2\/product\/5957","targetHints":{"allow":["GET"]}}],"collection":[{"href":"https:\/\/wpachem.com\/tr\/wp-json\/wp\/v2\/product"}],"about":[{"href":"https:\/\/wpachem.com\/tr\/wp-json\/wp\/v2\/types\/product"}],"version-history":[{"count":0,"href":"https:\/\/wpachem.com\/tr\/wp-json\/wp\/v2\/product\/5957\/revisions"}],"wp:featuredmedia":[{"embeddable":true,"href":"https:\/\/wpachem.com\/tr\/wp-json\/wp\/v2\/media\/5867"}],"wp:attachment":[{"href":"https:\/\/wpachem.com\/tr\/wp-json\/wp\/v2\/media?parent=5957"}],"wp:term":[{"taxonomy":"product_brand","embeddable":true,"href":"https:\/\/wpachem.com\/tr\/wp-json\/wp\/v2\/product_brand?post=5957"},{"taxonomy":"product_cat","embeddable":true,"href":"https:\/\/wpachem.com\/tr\/wp-json\/wp\/v2\/product_cat?post=5957"},{"taxonomy":"product_tag","embeddable":true,"href":"https:\/\/wpachem.com\/tr\/wp-json\/wp\/v2\/product_tag?post=5957"}],"curies":[{"name":"wp","href":"https:\/\/api.w.org\/{rel}","templated":true}]}}