{"id":5959,"date":"2024-02-07T02:54:56","date_gmt":"2024-02-07T02:54:56","guid":{"rendered":"https:\/\/wpachem.com\/?post_type=product&#038;p=5959"},"modified":"2024-02-07T02:54:56","modified_gmt":"2024-02-07T02:54:56","slug":"benzyl-cinnamate-cas-103-41-3","status":"publish","type":"product","link":"https:\/\/wpachem.com\/tr\/urun\/benzyl-cinnamate-cas-103-41-3\/","title":{"rendered":"Benzil sinamat CAS 103-41-3"},"content":{"rendered":"<p><strong>\u00d6zellik<\/strong><\/p>\n<p>Eridikten sonra \u015feffaf renksizden sar\u0131ya, kristal veya s\u0131v\u0131, aromatik kokulu<\/p>\n<p><strong>Ba\u015fvuru:<\/strong><\/p>\n<p>UV emici. Genellikle g\u00fcne\u015f kremi ve bronzla\u015ft\u0131r\u0131c\u0131 kozmetiklerde kullan\u0131l\u0131r. Ultraviyole \u0131\u015f\u0131\u011f\u0131n maksimum emilim dalga boyu 3l0\u03bcm&#039;dir. Ekleme genellikle 5%&#039;den azd\u0131r. Ayr\u0131ca, yapay amber ve oryantal aromay\u0131 sabitleme maddesi olarak haz\u0131rlamak i\u00e7in de kullan\u0131l\u0131r. Ayr\u0131ca \u00e7i\u00e7ek kokular\u0131n\u0131n, oryantal veya fantezi kokular\u0131n\u0131n ve yiyecek kokular\u0131n\u0131n (kiraz, \u00e7ilek, ahududu, balsam) haz\u0131rlanmas\u0131nda kullan\u0131l\u0131r.<\/p>","protected":false},"excerpt":{"rendered":"<p>\u00dcr\u00fcn ad\u0131: Benzil sinamat<\/p>\n<p>Kasa no.:103-41-3<\/p>\n<p>MF:C8H10O<\/p>\n<p>G\u00f6r\u00fcn\u00fcm: \u015eeffaf, renksiz ila sar\u0131, kristal veya s\u0131v\u0131<\/p>","protected":false},"featured_media":4875,"template":"","meta":{"_acf_changed":false,"_gspb_post_css":""},"product_brand":[],"product_cat":[61],"product_tag":[],"class_list":{"0":"post-5959","1":"product","2":"type-product","3":"status-publish","4":"has-post-thumbnail","6":"product_cat-flavor-and-fragrance","8":"first","9":"instock","10":"shipping-taxable","11":"product-type-simple"},"acf":[],"_links":{"self":[{"href":"https:\/\/wpachem.com\/tr\/wp-json\/wp\/v2\/product\/5959","targetHints":{"allow":["GET"]}}],"collection":[{"href":"https:\/\/wpachem.com\/tr\/wp-json\/wp\/v2\/product"}],"about":[{"href":"https:\/\/wpachem.com\/tr\/wp-json\/wp\/v2\/types\/product"}],"version-history":[{"count":0,"href":"https:\/\/wpachem.com\/tr\/wp-json\/wp\/v2\/product\/5959\/revisions"}],"wp:featuredmedia":[{"embeddable":true,"href":"https:\/\/wpachem.com\/tr\/wp-json\/wp\/v2\/media\/4875"}],"wp:attachment":[{"href":"https:\/\/wpachem.com\/tr\/wp-json\/wp\/v2\/media?parent=5959"}],"wp:term":[{"taxonomy":"product_brand","embeddable":true,"href":"https:\/\/wpachem.com\/tr\/wp-json\/wp\/v2\/product_brand?post=5959"},{"taxonomy":"product_cat","embeddable":true,"href":"https:\/\/wpachem.com\/tr\/wp-json\/wp\/v2\/product_cat?post=5959"},{"taxonomy":"product_tag","embeddable":true,"href":"https:\/\/wpachem.com\/tr\/wp-json\/wp\/v2\/product_tag?post=5959"}],"curies":[{"name":"wp","href":"https:\/\/api.w.org\/{rel}","templated":true}]}}