{"id":5963,"date":"2024-02-07T03:05:50","date_gmt":"2024-02-07T03:05:50","guid":{"rendered":"https:\/\/wpachem.com\/?post_type=product&#038;p=5963"},"modified":"2024-02-07T03:05:51","modified_gmt":"2024-02-07T03:05:51","slug":"lemongrass-oil-west-indian-type-cas-8007-02-1","status":"publish","type":"product","link":"https:\/\/wpachem.com\/tr\/urun\/lemongrass-oil-west-indian-type-cas-8007-02-1\/","title":{"rendered":"L\u0130MON OT YA\u011eI, BATI H\u0130NT T\u0130P\u0130 CAS 8007-02-1"},"content":{"rendered":"<p><strong>\u00d6zellik<\/strong><\/p>\n<p>Tatl\u0131 limon ve ot notalar\u0131na sahip a\u00e7\u0131k sar\u0131 veya a\u00e7\u0131k turuncu-sar\u0131 ya\u011fl\u0131 s\u0131v\u0131<\/p>\n<p><strong>Ba\u015fvuru:<\/strong><\/p>\n<p>Yenilebilir baharatlara izin verilir. Her t\u00fcrl\u00fc yiyecekte yayg\u0131n olarak kullan\u0131l\u0131r.<\/p>","protected":false},"excerpt":{"rendered":"<p>\u00dcr\u00fcn ad\u0131: L\u0130MON OT YA\u011eI, BATI H\u0130NT T\u0130P\u0130<\/p>\n<p>Cas no.:8007-02-1<\/p>\n<p>MF:C8H10O<\/p>\n<p>G\u00f6r\u00fcn\u00fcm: A\u00e7\u0131k sar\u0131 veya a\u00e7\u0131k turuncu-sar\u0131 ya\u011fl\u0131 s\u0131v\u0131<\/p>","protected":false},"featured_media":4788,"template":"","meta":{"_acf_changed":false,"_gspb_post_css":""},"product_brand":[],"product_cat":[61],"product_tag":[],"class_list":{"0":"post-5963","1":"product","2":"type-product","3":"status-publish","4":"has-post-thumbnail","6":"product_cat-flavor-and-fragrance","8":"first","9":"instock","10":"shipping-taxable","11":"product-type-simple"},"acf":[],"_links":{"self":[{"href":"https:\/\/wpachem.com\/tr\/wp-json\/wp\/v2\/product\/5963","targetHints":{"allow":["GET"]}}],"collection":[{"href":"https:\/\/wpachem.com\/tr\/wp-json\/wp\/v2\/product"}],"about":[{"href":"https:\/\/wpachem.com\/tr\/wp-json\/wp\/v2\/types\/product"}],"version-history":[{"count":0,"href":"https:\/\/wpachem.com\/tr\/wp-json\/wp\/v2\/product\/5963\/revisions"}],"wp:featuredmedia":[{"embeddable":true,"href":"https:\/\/wpachem.com\/tr\/wp-json\/wp\/v2\/media\/4788"}],"wp:attachment":[{"href":"https:\/\/wpachem.com\/tr\/wp-json\/wp\/v2\/media?parent=5963"}],"wp:term":[{"taxonomy":"product_brand","embeddable":true,"href":"https:\/\/wpachem.com\/tr\/wp-json\/wp\/v2\/product_brand?post=5963"},{"taxonomy":"product_cat","embeddable":true,"href":"https:\/\/wpachem.com\/tr\/wp-json\/wp\/v2\/product_cat?post=5963"},{"taxonomy":"product_tag","embeddable":true,"href":"https:\/\/wpachem.com\/tr\/wp-json\/wp\/v2\/product_tag?post=5963"}],"curies":[{"name":"wp","href":"https:\/\/api.w.org\/{rel}","templated":true}]}}