{"id":5966,"date":"2024-02-07T05:15:26","date_gmt":"2024-02-07T05:15:26","guid":{"rendered":"https:\/\/wpachem.com\/?post_type=product&#038;p=5966"},"modified":"2024-02-07T05:29:41","modified_gmt":"2024-02-07T05:29:41","slug":"d-sorbitol-cas-50-70-4","status":"publish","type":"product","link":"https:\/\/wpachem.com\/tr\/urun\/d-sorbitol-cas-50-70-4\/","title":{"rendered":"D \u2013 Sorbitol CAS 50-70-4"},"content":{"rendered":"<p><strong>\u00d6zellik<\/strong><\/p>\n<p>Renksiz kristal toz, tatl\u0131 tat<\/p>\n<p><strong>Ba\u015fvuru:<\/strong><\/p>\n<p>G\u0131da alan\u0131nda, genellikle \u015feker katk\u0131 maddelerinin yerine kullan\u0131l\u0131r ve nemlendirici, koyula\u015ft\u0131r\u0131c\u0131 ve tatland\u0131r\u0131c\u0131 etkileri vard\u0131r. Ayr\u0131ca diyabet hastalar\u0131 i\u00e7in pop\u00fcler bir d\u00fc\u015f\u00fck kalorili alternatiftir.<br \/>\nEczac\u0131l\u0131k alan\u0131nda kayganla\u015ft\u0131r\u0131c\u0131lar, \u00f6ks\u00fcr\u00fck ila\u00e7lar\u0131, a\u011f\u0131z bak\u0131m \u00fcr\u00fcnleri vb. yap\u0131m\u0131nda kullan\u0131l\u0131r.<\/p>","protected":false},"excerpt":{"rendered":"<p>\u00dcr\u00fcn ad\u0131: D \u2013 Sorbitol<\/p>\n<p>Kasa no.:50-70-4<\/p>\n<p>MF:C6H14O6<\/p>\n<p>G\u00f6r\u00fcn\u00fcm: Renksiz kristal toz<\/p>","protected":false},"featured_media":5182,"template":"","meta":{"_acf_changed":false,"_gspb_post_css":""},"product_brand":[],"product_cat":[61,55,56],"product_tag":[],"class_list":{"0":"post-5966","1":"product","2":"type-product","3":"status-publish","4":"has-post-thumbnail","6":"product_cat-flavor-and-fragrance","7":"product_cat-food-additives","8":"product_cat-sweetener","10":"first","11":"instock","12":"shipping-taxable","13":"product-type-simple"},"acf":[],"_links":{"self":[{"href":"https:\/\/wpachem.com\/tr\/wp-json\/wp\/v2\/product\/5966","targetHints":{"allow":["GET"]}}],"collection":[{"href":"https:\/\/wpachem.com\/tr\/wp-json\/wp\/v2\/product"}],"about":[{"href":"https:\/\/wpachem.com\/tr\/wp-json\/wp\/v2\/types\/product"}],"version-history":[{"count":0,"href":"https:\/\/wpachem.com\/tr\/wp-json\/wp\/v2\/product\/5966\/revisions"}],"wp:featuredmedia":[{"embeddable":true,"href":"https:\/\/wpachem.com\/tr\/wp-json\/wp\/v2\/media\/5182"}],"wp:attachment":[{"href":"https:\/\/wpachem.com\/tr\/wp-json\/wp\/v2\/media?parent=5966"}],"wp:term":[{"taxonomy":"product_brand","embeddable":true,"href":"https:\/\/wpachem.com\/tr\/wp-json\/wp\/v2\/product_brand?post=5966"},{"taxonomy":"product_cat","embeddable":true,"href":"https:\/\/wpachem.com\/tr\/wp-json\/wp\/v2\/product_cat?post=5966"},{"taxonomy":"product_tag","embeddable":true,"href":"https:\/\/wpachem.com\/tr\/wp-json\/wp\/v2\/product_tag?post=5966"}],"curies":[{"name":"wp","href":"https:\/\/api.w.org\/{rel}","templated":true}]}}