{"id":5968,"date":"2024-02-07T05:29:53","date_gmt":"2024-02-07T05:29:53","guid":{"rendered":"https:\/\/wpachem.com\/?post_type=product&#038;p=5968"},"modified":"2024-02-07T05:36:55","modified_gmt":"2024-02-07T05:36:55","slug":"dipropylene-glycol-cas-110-98-5","status":"publish","type":"product","link":"https:\/\/wpachem.com\/tr\/urun\/dipropylene-glycol-cas-110-98-5\/","title":{"rendered":"Dipropilen glikol CAS 110-98-5"},"content":{"rendered":"<p><strong>\u00d6zellik<\/strong><\/p>\n<p>Renksiz ila hafif sar\u0131 s\u0131v\u0131<\/p>\n<p><strong>Ba\u015fvuru:<\/strong><\/p>\n<p>1. End\u00fcstriyel kullan\u0131m: Dipropilen glikol, kozmetiklerde, boyalarda, kaplamalarda, boyalarda, plastiklerde, re\u00e7inelerde ve di\u011fer end\u00fcstriyel alanlarda yayg\u0131n olarak kullan\u0131l\u0131r. Plastikle\u015ftirici, em\u00fclgat\u00f6r, koyula\u015ft\u0131r\u0131c\u0131, antifriz ve ya\u011flay\u0131c\u0131 olarak kullan\u0131labilir.<br \/>\n2. T\u0131bbi kullan\u0131mlar: Dipropilen glikol, \u00e7\u00f6z\u00fcc\u00fc ve yard\u0131mc\u0131 madde olarak kullan\u0131l\u0131r, s\u0131kl\u0131kla ila\u00e7 ve t\u0131bbi \u00fcr\u00fcnlerin haz\u0131rlanmas\u0131nda kullan\u0131l\u0131r.<br \/>\n3. Laboratuvar kullan\u0131m\u0131: Laboratuvardaki kimyasal reaksiyonlarda ve ay\u0131rma i\u015flemlerinde \u00e7\u00f6z\u00fcc\u00fc ve ekstraksiyon maddesi olarak kullan\u0131labilir.<\/p>","protected":false},"excerpt":{"rendered":"<p>\u00dcr\u00fcn ad\u0131: Dipropilen glikol<\/p>\n<p>Kasa Numaras\u0131: 110-98-5<\/p>\n<p>MF:C6H14O3<\/p>\n<p>G\u00f6r\u00fcn\u00fcm: Renksiz ila hafif sar\u0131 s\u0131v\u0131<\/p>","protected":false},"featured_media":5867,"template":"","meta":{"_acf_changed":false,"_gspb_post_css":""},"product_brand":[],"product_cat":[60,133,134],"product_tag":[],"class_list":{"0":"post-5968","1":"product","2":"type-product","3":"status-publish","4":"has-post-thumbnail","6":"product_cat-cosmetic-ingredients","7":"product_cat-emulsifiers-cosmetic-ingredients","8":"product_cat-thickener","10":"first","11":"instock","12":"shipping-taxable","13":"product-type-simple"},"acf":[],"_links":{"self":[{"href":"https:\/\/wpachem.com\/tr\/wp-json\/wp\/v2\/product\/5968","targetHints":{"allow":["GET"]}}],"collection":[{"href":"https:\/\/wpachem.com\/tr\/wp-json\/wp\/v2\/product"}],"about":[{"href":"https:\/\/wpachem.com\/tr\/wp-json\/wp\/v2\/types\/product"}],"version-history":[{"count":0,"href":"https:\/\/wpachem.com\/tr\/wp-json\/wp\/v2\/product\/5968\/revisions"}],"wp:featuredmedia":[{"embeddable":true,"href":"https:\/\/wpachem.com\/tr\/wp-json\/wp\/v2\/media\/5867"}],"wp:attachment":[{"href":"https:\/\/wpachem.com\/tr\/wp-json\/wp\/v2\/media?parent=5968"}],"wp:term":[{"taxonomy":"product_brand","embeddable":true,"href":"https:\/\/wpachem.com\/tr\/wp-json\/wp\/v2\/product_brand?post=5968"},{"taxonomy":"product_cat","embeddable":true,"href":"https:\/\/wpachem.com\/tr\/wp-json\/wp\/v2\/product_cat?post=5968"},{"taxonomy":"product_tag","embeddable":true,"href":"https:\/\/wpachem.com\/tr\/wp-json\/wp\/v2\/product_tag?post=5968"}],"curies":[{"name":"wp","href":"https:\/\/api.w.org\/{rel}","templated":true}]}}