{"id":5970,"date":"2024-02-07T05:37:06","date_gmt":"2024-02-07T05:37:06","guid":{"rendered":"https:\/\/wpachem.com\/?post_type=product&#038;p=5970"},"modified":"2024-02-07T05:43:40","modified_gmt":"2024-02-07T05:43:40","slug":"dl-lactic-acid-cas-50-21-5","status":"publish","type":"product","link":"https:\/\/wpachem.com\/tr\/urun\/dl-lactic-acid-cas-50-21-5\/","title":{"rendered":"DL-Laktik asit CAS 50-21-5"},"content":{"rendered":"<p><strong>\u00d6zellik<\/strong><\/p>\n<p>Renksiz ila hafif sar\u0131 s\u0131v\u0131<\/p>\n<p><strong>Ba\u015fvuru:<\/strong><\/p>\n<p>\u015eekerleme, ekmek, bira i\u00e7ecekleri, meyve \u015farab\u0131 ve di\u011fer g\u0131da end\u00fcstrilerinde yayg\u0131n olarak kullan\u0131l\u0131r<\/p>","protected":false},"excerpt":{"rendered":"<p>\u00dcr\u00fcn ad\u0131: DL-Laktik asit<\/p>\n<p>Kasa No:50-21-5<\/p>\n<p>MF:C3H6O3<\/p>\n<p>G\u00f6r\u00fcn\u00fcm: Renksiz ila hafif sar\u0131 s\u0131v\u0131<\/p>","protected":false},"featured_media":5867,"template":"","meta":{"_acf_changed":false,"_gspb_post_css":""},"product_brand":[],"product_cat":[55,59],"product_tag":[],"class_list":{"0":"post-5970","1":"product","2":"type-product","3":"status-publish","4":"has-post-thumbnail","6":"product_cat-food-additives","7":"product_cat-acidity-regulators","9":"first","10":"instock","11":"shipping-taxable","12":"product-type-simple"},"acf":[],"_links":{"self":[{"href":"https:\/\/wpachem.com\/tr\/wp-json\/wp\/v2\/product\/5970","targetHints":{"allow":["GET"]}}],"collection":[{"href":"https:\/\/wpachem.com\/tr\/wp-json\/wp\/v2\/product"}],"about":[{"href":"https:\/\/wpachem.com\/tr\/wp-json\/wp\/v2\/types\/product"}],"version-history":[{"count":0,"href":"https:\/\/wpachem.com\/tr\/wp-json\/wp\/v2\/product\/5970\/revisions"}],"wp:featuredmedia":[{"embeddable":true,"href":"https:\/\/wpachem.com\/tr\/wp-json\/wp\/v2\/media\/5867"}],"wp:attachment":[{"href":"https:\/\/wpachem.com\/tr\/wp-json\/wp\/v2\/media?parent=5970"}],"wp:term":[{"taxonomy":"product_brand","embeddable":true,"href":"https:\/\/wpachem.com\/tr\/wp-json\/wp\/v2\/product_brand?post=5970"},{"taxonomy":"product_cat","embeddable":true,"href":"https:\/\/wpachem.com\/tr\/wp-json\/wp\/v2\/product_cat?post=5970"},{"taxonomy":"product_tag","embeddable":true,"href":"https:\/\/wpachem.com\/tr\/wp-json\/wp\/v2\/product_tag?post=5970"}],"curies":[{"name":"wp","href":"https:\/\/api.w.org\/{rel}","templated":true}]}}