{"id":5972,"date":"2024-02-07T05:44:32","date_gmt":"2024-02-07T05:44:32","guid":{"rendered":"https:\/\/wpachem.com\/?post_type=product&#038;p=5972"},"modified":"2024-02-07T05:47:01","modified_gmt":"2024-02-07T05:47:01","slug":"lanolin-cas-8006-54-0","status":"publish","type":"product","link":"https:\/\/wpachem.com\/tr\/urun\/lanolin-cas-8006-54-0\/","title":{"rendered":"Lanolin CAS 8006-54-0"},"content":{"rendered":"<p><strong>\u00d6zellik<\/strong><\/p>\n<p>Beyaz kat\u0131, bazen a\u00e7\u0131k sar\u0131 veya kahverengi renkte<\/p>\n<p><strong>Ba\u015fvuru:<\/strong><\/p>\n<p>1. Kozmetikler: Cildi yumu\u015fak ve nemli tutmak i\u00e7in losyon ve kremlerin temelinde kullan\u0131lan maddeler.<br \/>\n2. \u0130la\u00e7 preparatlar\u0131: Genellikle topikal merhem ve kremlerin temelinde koruma ve nemlendirme sa\u011flamak i\u00e7in kullan\u0131l\u0131r.<br \/>\n3. End\u00fcstriyel kullan\u0131m: Ya\u011flay\u0131c\u0131, pas \u00f6nleyici ve plastik katk\u0131 maddesi olarak kullan\u0131l\u0131r.<\/p>","protected":false},"excerpt":{"rendered":"<p>\u00dcr\u00fcn ad\u0131: Lanolin<\/p>\n<p>Cas No:8006-54-0<\/p>\n<p>G\u00f6r\u00fcn\u00fcm: Beyaz kat\u0131, bazen a\u00e7\u0131k sar\u0131 veya kahverengi renkte<\/p>","protected":false},"featured_media":5179,"template":"","meta":{"_acf_changed":false,"_gspb_post_css":""},"product_brand":[],"product_cat":[60,132],"product_tag":[],"class_list":{"0":"post-5972","1":"product","2":"type-product","3":"status-publish","4":"has-post-thumbnail","6":"product_cat-cosmetic-ingredients","7":"product_cat-moisturizing","9":"first","10":"instock","11":"shipping-taxable","12":"product-type-simple"},"acf":[],"_links":{"self":[{"href":"https:\/\/wpachem.com\/tr\/wp-json\/wp\/v2\/product\/5972","targetHints":{"allow":["GET"]}}],"collection":[{"href":"https:\/\/wpachem.com\/tr\/wp-json\/wp\/v2\/product"}],"about":[{"href":"https:\/\/wpachem.com\/tr\/wp-json\/wp\/v2\/types\/product"}],"version-history":[{"count":0,"href":"https:\/\/wpachem.com\/tr\/wp-json\/wp\/v2\/product\/5972\/revisions"}],"wp:featuredmedia":[{"embeddable":true,"href":"https:\/\/wpachem.com\/tr\/wp-json\/wp\/v2\/media\/5179"}],"wp:attachment":[{"href":"https:\/\/wpachem.com\/tr\/wp-json\/wp\/v2\/media?parent=5972"}],"wp:term":[{"taxonomy":"product_brand","embeddable":true,"href":"https:\/\/wpachem.com\/tr\/wp-json\/wp\/v2\/product_brand?post=5972"},{"taxonomy":"product_cat","embeddable":true,"href":"https:\/\/wpachem.com\/tr\/wp-json\/wp\/v2\/product_cat?post=5972"},{"taxonomy":"product_tag","embeddable":true,"href":"https:\/\/wpachem.com\/tr\/wp-json\/wp\/v2\/product_tag?post=5972"}],"curies":[{"name":"wp","href":"https:\/\/api.w.org\/{rel}","templated":true}]}}