{"id":5976,"date":"2024-02-07T05:51:31","date_gmt":"2024-02-07T05:51:31","guid":{"rendered":"https:\/\/wpachem.com\/?post_type=product&#038;p=5976"},"modified":"2024-02-07T05:55:17","modified_gmt":"2024-02-07T05:55:17","slug":"dl-lactic-acid-sodium-salt-cas-72-17-3-sodium-lactate","status":"publish","type":"product","link":"https:\/\/wpachem.com\/tr\/urun\/dl-lactic-acid-sodium-salt-cas-72-17-3-sodium-lactate\/","title":{"rendered":"DL-laktik asit sodyum tuzu CAS 72-17-3 Sodyum Laktat"},"content":{"rendered":"<p><strong>\u00d6zellik<\/strong><\/p>\n<p>Beyaz kristal veya kristal toz<\/p>\n<p><strong>Ba\u015fvuru:<\/strong><\/p>\n<p>1. G\u0131da end\u00fcstrisi: G\u0131da koruyucu olarak sodyum laktat, bakteri ve k\u00fcf olu\u015fumunu engelleyebilir ve g\u0131dan\u0131n raf \u00f6mr\u00fcn\u00fc uzatabilir.<br \/>\n2. \u0130la\u00e7 end\u00fcstrisi: Sodyum laktat, ila\u00e7 prosesinde pH de\u011ferini ayarlamak i\u00e7in tampon ve asit n\u00f6tralizat\u00f6r\u00fc olarak kullan\u0131labilir.<br \/>\n3. Kozmetik end\u00fcstrisi: Sodyum laktat, kozmetik \u00fcr\u00fcnlerinin pH de\u011ferini ayarlamak ve \u00fcr\u00fcn stabilitesini art\u0131rmak i\u00e7in kullan\u0131labilir.<\/p>","protected":false},"excerpt":{"rendered":"<p>\u00dcr\u00fcn ad\u0131: Sodyum Laktat<\/p>\n<p>Kasa No:72-17-3<\/p>\n<p>MF:C3H5NaO3<\/p>\n<p>G\u00f6r\u00fcn\u00fcm: Beyaz kristal veya kristal toz<\/p>","protected":false},"featured_media":5179,"template":"","meta":{"_acf_changed":false,"_gspb_post_css":""},"product_brand":[],"product_cat":[55,135,57,60],"product_tag":[],"class_list":{"0":"post-5976","1":"product","2":"type-product","3":"status-publish","4":"has-post-thumbnail","6":"product_cat-food-additives","7":"product_cat-preservative-cosmetic-ingredients","8":"product_cat-preservative","9":"product_cat-cosmetic-ingredients","11":"first","12":"instock","13":"shipping-taxable","14":"product-type-simple"},"acf":[],"_links":{"self":[{"href":"https:\/\/wpachem.com\/tr\/wp-json\/wp\/v2\/product\/5976","targetHints":{"allow":["GET"]}}],"collection":[{"href":"https:\/\/wpachem.com\/tr\/wp-json\/wp\/v2\/product"}],"about":[{"href":"https:\/\/wpachem.com\/tr\/wp-json\/wp\/v2\/types\/product"}],"version-history":[{"count":0,"href":"https:\/\/wpachem.com\/tr\/wp-json\/wp\/v2\/product\/5976\/revisions"}],"wp:featuredmedia":[{"embeddable":true,"href":"https:\/\/wpachem.com\/tr\/wp-json\/wp\/v2\/media\/5179"}],"wp:attachment":[{"href":"https:\/\/wpachem.com\/tr\/wp-json\/wp\/v2\/media?parent=5976"}],"wp:term":[{"taxonomy":"product_brand","embeddable":true,"href":"https:\/\/wpachem.com\/tr\/wp-json\/wp\/v2\/product_brand?post=5976"},{"taxonomy":"product_cat","embeddable":true,"href":"https:\/\/wpachem.com\/tr\/wp-json\/wp\/v2\/product_cat?post=5976"},{"taxonomy":"product_tag","embeddable":true,"href":"https:\/\/wpachem.com\/tr\/wp-json\/wp\/v2\/product_tag?post=5976"}],"curies":[{"name":"wp","href":"https:\/\/api.w.org\/{rel}","templated":true}]}}