{"id":5978,"date":"2024-02-07T05:55:38","date_gmt":"2024-02-07T05:55:38","guid":{"rendered":"https:\/\/wpachem.com\/?post_type=product&#038;p=5978"},"modified":"2024-02-07T06:00:17","modified_gmt":"2024-02-07T06:00:17","slug":"d-trehalose-anhydrous-cas-99-20-7","status":"publish","type":"product","link":"https:\/\/wpachem.com\/tr\/urun\/d-trehalose-anhydrous-cas-99-20-7\/","title":{"rendered":"D-Trehaloz susuz CAS 99-20-7"},"content":{"rendered":"<p><strong>\u00d6zellik<\/strong><\/p>\n<p>Beyaz kristal toz<\/p>\n<p><strong>Ba\u015fvuru:<\/strong><\/p>\n<p>1. G\u0131da end\u00fcstrisi: Trehaloz, tatl\u0131l\u0131k sa\u011flamak ve tad\u0131 iyile\u015ftirmek i\u00e7in tatland\u0131r\u0131c\u0131, aroma maddesi ve nemlendirici olarak kullan\u0131labilen \u00f6nemli bir g\u0131da katk\u0131 maddesidir.<\/p>\n<p>2. Farmas\u00f6tik alan: Trehalozun belirli nemlendirici ve kayganla\u015ft\u0131r\u0131c\u0131 \u00f6zellikleri vard\u0131r ve s\u0131kl\u0131kla oral ila\u00e7lar\u0131n, merhemlerin ve \u015feker kapl\u0131 tabletlerin haz\u0131rlanmas\u0131nda kullan\u0131l\u0131r.<\/p>\n<p>3. Biyoteknoloji: Trehaloz h\u00fccre koruyucu madde olarak kullan\u0131labilir ve h\u00fccre kriyoprezervasyonu ve stresten kurtulma \u00fczerinde iyi bir koruyucu etkiye sahiptir.<\/p>","protected":false},"excerpt":{"rendered":"<p>\u00dcr\u00fcn ad\u0131: D-Trehaloz susuz<\/p>\n<p>Kasa Numaras\u0131:99-20-7<\/p>\n<p>MF:C12H22O11<\/p>\n<p>G\u00f6r\u00fcn\u00fcm: Beyaz kristal toz<\/p>","protected":false},"featured_media":5182,"template":"","meta":{"_acf_changed":false,"_gspb_post_css":""},"product_brand":[],"product_cat":[55,56],"product_tag":[],"class_list":{"0":"post-5978","1":"product","2":"type-product","3":"status-publish","4":"has-post-thumbnail","6":"product_cat-food-additives","7":"product_cat-sweetener","9":"first","10":"instock","11":"shipping-taxable","12":"product-type-simple"},"acf":[],"_links":{"self":[{"href":"https:\/\/wpachem.com\/tr\/wp-json\/wp\/v2\/product\/5978","targetHints":{"allow":["GET"]}}],"collection":[{"href":"https:\/\/wpachem.com\/tr\/wp-json\/wp\/v2\/product"}],"about":[{"href":"https:\/\/wpachem.com\/tr\/wp-json\/wp\/v2\/types\/product"}],"version-history":[{"count":0,"href":"https:\/\/wpachem.com\/tr\/wp-json\/wp\/v2\/product\/5978\/revisions"}],"wp:featuredmedia":[{"embeddable":true,"href":"https:\/\/wpachem.com\/tr\/wp-json\/wp\/v2\/media\/5182"}],"wp:attachment":[{"href":"https:\/\/wpachem.com\/tr\/wp-json\/wp\/v2\/media?parent=5978"}],"wp:term":[{"taxonomy":"product_brand","embeddable":true,"href":"https:\/\/wpachem.com\/tr\/wp-json\/wp\/v2\/product_brand?post=5978"},{"taxonomy":"product_cat","embeddable":true,"href":"https:\/\/wpachem.com\/tr\/wp-json\/wp\/v2\/product_cat?post=5978"},{"taxonomy":"product_tag","embeddable":true,"href":"https:\/\/wpachem.com\/tr\/wp-json\/wp\/v2\/product_tag?post=5978"}],"curies":[{"name":"wp","href":"https:\/\/api.w.org\/{rel}","templated":true}]}}