{"id":5980,"date":"2024-02-07T06:02:34","date_gmt":"2024-02-07T06:02:34","guid":{"rendered":"https:\/\/wpachem.com\/?post_type=product&#038;p=5980"},"modified":"2024-02-07T06:07:42","modified_gmt":"2024-02-07T06:07:42","slug":"chitin-cas-1398-61-4","status":"publish","type":"product","link":"https:\/\/wpachem.com\/tr\/urun\/chitin-cas-1398-61-4\/","title":{"rendered":"Kitin CAS 1398-61-4"},"content":{"rendered":"<p><strong>\u00d6zellik<\/strong><\/p>\n<p>Genellikle toz halinde, beyazdan hafif sar\u0131ya kadar de\u011fi\u015fen bir kat\u0131d\u0131r.<\/p>\n<p><strong>Ba\u015fvuru:<\/strong><\/p>\n<p>1. Farmas\u00f6tik alan: Yara iyile\u015ftirici malzemeler, hemostatik malzemeler, s\u00fcrekli sal\u0131ml\u0131 ila\u00e7 ta\u015f\u0131ma sistemleri vb. \u00fcretmek i\u00e7in kullan\u0131l\u0131r.<br \/>\n2. \u00c7evre koruma alan\u0131: A\u011f\u0131r metal iyonlar\u0131n\u0131n ve organik kirleticilerin adsorpsiyonu ve uzakla\u015ft\u0131r\u0131lmas\u0131 i\u00e7in kullan\u0131l\u0131r.<br \/>\n3. G\u0131da end\u00fcstrisi: G\u0131da katk\u0131 maddesi olarak g\u0131dan\u0131n viskozitesini ve stabilitesini art\u0131rabilir.<\/p>","protected":false},"excerpt":{"rendered":"<p>\u00dcr\u00fcn ad\u0131: Kitin<\/p>\n<p>Cas No:1398-61-4<\/p>\n<p>MF:C6H11NO4X2<\/p>\n<p>G\u00f6r\u00fcn\u00fcm: Genellikle toz halinde, beyaz ila hafif sar\u0131 renkte kat\u0131<\/p>","protected":false},"featured_media":1974,"template":"","meta":{"_acf_changed":false,"_gspb_post_css":""},"product_brand":[],"product_cat":[55,58],"product_tag":[],"class_list":{"0":"post-5980","1":"product","2":"type-product","3":"status-publish","4":"has-post-thumbnail","6":"product_cat-food-additives","7":"product_cat-thicknerstablizer","9":"first","10":"instock","11":"shipping-taxable","12":"product-type-simple"},"acf":[],"_links":{"self":[{"href":"https:\/\/wpachem.com\/tr\/wp-json\/wp\/v2\/product\/5980","targetHints":{"allow":["GET"]}}],"collection":[{"href":"https:\/\/wpachem.com\/tr\/wp-json\/wp\/v2\/product"}],"about":[{"href":"https:\/\/wpachem.com\/tr\/wp-json\/wp\/v2\/types\/product"}],"version-history":[{"count":0,"href":"https:\/\/wpachem.com\/tr\/wp-json\/wp\/v2\/product\/5980\/revisions"}],"wp:featuredmedia":[{"embeddable":true,"href":"https:\/\/wpachem.com\/tr\/wp-json\/wp\/v2\/media\/1974"}],"wp:attachment":[{"href":"https:\/\/wpachem.com\/tr\/wp-json\/wp\/v2\/media?parent=5980"}],"wp:term":[{"taxonomy":"product_brand","embeddable":true,"href":"https:\/\/wpachem.com\/tr\/wp-json\/wp\/v2\/product_brand?post=5980"},{"taxonomy":"product_cat","embeddable":true,"href":"https:\/\/wpachem.com\/tr\/wp-json\/wp\/v2\/product_cat?post=5980"},{"taxonomy":"product_tag","embeddable":true,"href":"https:\/\/wpachem.com\/tr\/wp-json\/wp\/v2\/product_tag?post=5980"}],"curies":[{"name":"wp","href":"https:\/\/api.w.org\/{rel}","templated":true}]}}