{"id":5981,"date":"2024-02-07T06:19:43","date_gmt":"2024-02-07T06:19:43","guid":{"rendered":"https:\/\/wpachem.com\/?post_type=product&#038;p=5981"},"modified":"2024-02-07T06:19:43","modified_gmt":"2024-02-07T06:19:43","slug":"fema-2817-cas-8002-72-0","status":"publish","type":"product","link":"https:\/\/wpachem.com\/tr\/urun\/fema-2817-cas-8002-72-0\/","title":{"rendered":"FEMA 2817 CAS 8002-72-0"},"content":{"rendered":"<p><strong>\u00d6zellik<\/strong><\/p>\n<p>Amber sar\u0131s\u0131 ila amber turuncusu \u015feffaf s\u0131v\u0131. G\u00fc\u00e7l\u00fc so\u011fan aromas\u0131 ve kokusu, 90% etanolde \u00e7\u00f6z\u00fclm\u00fc\u015f<\/p>\n<p><strong>Ba\u015fvuru:<\/strong><\/p>\n<ol>\n<li>Mikrobiyal h\u00fccre duvar\u0131ndaki belirli amino asitlerle k\u00fck\u00fcrt i\u00e7eren bile\u015fiklerin reaksiyonu yoluyla antibakteriyel etki, proteinlerin normal ifadesini \u00f6nleyerek bakteriyel \u00fcremeyi engeller. So\u011fan esansiyel ya\u011f\u0131, Staphylococcus, Streptococcus, arctococcus ve Bacillus dahil olmak \u00fczere \u00e7e\u015fitli bakteri ve mantarlar\u0131 inhibe edebilir.<\/li>\n<li>\u00a0Antioksidan etkiye sahip olan so\u011fan esansiyel ya\u011f\u0131, katalaz ve s\u00fcperoksit dismutaz aktivitesini iyile\u015ftirerek v\u00fccudun antioksidan stres yan\u0131t\u0131n\u0131 g\u00fc\u00e7lendirir.<\/li>\n<li>\u00a0Kanser kar\u015f\u0131t\u0131 etki; So\u011fan esansiyel ya\u011f\u0131nda bulunan k\u00fck\u00fcrt bile\u015fiklerinin kanser fakt\u00f6rlerinin metabolik enzimlerini d\u00fczenleyerek mide kanseri ve yemek borusu kanserini \u00f6nleyebildi\u011fi yap\u0131lan ara\u015ft\u0131rmalarla ortaya konmu\u015ftur.<\/li>\n<\/ol>","protected":false},"excerpt":{"rendered":"<p>\u00dcr\u00fcn ad\u0131: FEMA 2817<\/p>\n<p>Cas no.:8002-72-0<\/p>\n<p>MF:C8H12S2<\/p>\n<p>G\u00f6r\u00fcn\u00fcm: Amber sar\u0131s\u0131 ila amber turuncusu \u015feffaf s\u0131v\u0131<\/p>","protected":false},"featured_media":5860,"template":"","meta":{"_acf_changed":false,"_gspb_post_css":""},"product_brand":[],"product_cat":[61],"product_tag":[],"class_list":{"0":"post-5981","1":"product","2":"type-product","3":"status-publish","4":"has-post-thumbnail","6":"product_cat-flavor-and-fragrance","8":"first","9":"instock","10":"shipping-taxable","11":"product-type-simple"},"acf":[],"_links":{"self":[{"href":"https:\/\/wpachem.com\/tr\/wp-json\/wp\/v2\/product\/5981","targetHints":{"allow":["GET"]}}],"collection":[{"href":"https:\/\/wpachem.com\/tr\/wp-json\/wp\/v2\/product"}],"about":[{"href":"https:\/\/wpachem.com\/tr\/wp-json\/wp\/v2\/types\/product"}],"version-history":[{"count":0,"href":"https:\/\/wpachem.com\/tr\/wp-json\/wp\/v2\/product\/5981\/revisions"}],"wp:featuredmedia":[{"embeddable":true,"href":"https:\/\/wpachem.com\/tr\/wp-json\/wp\/v2\/media\/5860"}],"wp:attachment":[{"href":"https:\/\/wpachem.com\/tr\/wp-json\/wp\/v2\/media?parent=5981"}],"wp:term":[{"taxonomy":"product_brand","embeddable":true,"href":"https:\/\/wpachem.com\/tr\/wp-json\/wp\/v2\/product_brand?post=5981"},{"taxonomy":"product_cat","embeddable":true,"href":"https:\/\/wpachem.com\/tr\/wp-json\/wp\/v2\/product_cat?post=5981"},{"taxonomy":"product_tag","embeddable":true,"href":"https:\/\/wpachem.com\/tr\/wp-json\/wp\/v2\/product_tag?post=5981"}],"curies":[{"name":"wp","href":"https:\/\/api.w.org\/{rel}","templated":true}]}}