{"id":5983,"date":"2024-02-07T06:07:51","date_gmt":"2024-02-07T06:07:51","guid":{"rendered":"https:\/\/wpachem.com\/?post_type=product&#038;p=5983"},"modified":"2024-02-07T06:17:30","modified_gmt":"2024-02-07T06:17:30","slug":"resveratrol-cas-501-36-0","status":"publish","type":"product","link":"https:\/\/wpachem.com\/tr\/urun\/resveratrol-cas-501-36-0\/","title":{"rendered":"Resveratrol CAS 501-36-0"},"content":{"rendered":"<p><strong>\u00d6zellik<\/strong><\/p>\n<p>Renksiz veya hafif sar\u0131 i\u011fne benzeri veya kristal toz<\/p>\n<p><strong>Ba\u015fvuru:<\/strong><\/p>\n<p>Serbest radikalleri n\u00f6tralize eden ve h\u00fccreleri oksidatif stres hasar\u0131ndan koruyan g\u00fc\u00e7l\u00fc bir do\u011fal antioksidand\u0131r.<br \/>\nAntiinflamatuar ve antikanser aktivitesi vard\u0131r, inflamasyon tepkilerini engeller ve serbest radikallerin neden oldu\u011fu DNA hasar\u0131n\u0131 k\u0131rar.<br \/>\nKan kolesterol\u00fcn\u00fc d\u00fc\u015f\u00fcrebilir ve kalp damar sa\u011fl\u0131\u011f\u0131n\u0131 koruyabilir.<\/p>","protected":false},"excerpt":{"rendered":"<p>\u00dcr\u00fcn ad\u0131: Resveratrol<\/p>\n<p>Cas No:501-36-0<\/p>\n<p>MF:C14H12O3<\/p>\n<p>G\u00f6r\u00fcn\u00fcm: Renksiz veya hafif sar\u0131 i\u011fne benzeri veya kristal toz<\/p>","protected":false},"featured_media":5179,"template":"","meta":{"_acf_changed":false,"_gspb_post_css":""},"product_brand":[],"product_cat":[55,131,103,60],"product_tag":[],"class_list":{"0":"post-5983","1":"product","2":"type-product","3":"status-publish","4":"has-post-thumbnail","6":"product_cat-food-additives","7":"product_cat-antioxidant","8":"product_cat-nutrition-enhancer","9":"product_cat-cosmetic-ingredients","11":"first","12":"instock","13":"shipping-taxable","14":"product-type-simple"},"acf":[],"_links":{"self":[{"href":"https:\/\/wpachem.com\/tr\/wp-json\/wp\/v2\/product\/5983","targetHints":{"allow":["GET"]}}],"collection":[{"href":"https:\/\/wpachem.com\/tr\/wp-json\/wp\/v2\/product"}],"about":[{"href":"https:\/\/wpachem.com\/tr\/wp-json\/wp\/v2\/types\/product"}],"version-history":[{"count":0,"href":"https:\/\/wpachem.com\/tr\/wp-json\/wp\/v2\/product\/5983\/revisions"}],"wp:featuredmedia":[{"embeddable":true,"href":"https:\/\/wpachem.com\/tr\/wp-json\/wp\/v2\/media\/5179"}],"wp:attachment":[{"href":"https:\/\/wpachem.com\/tr\/wp-json\/wp\/v2\/media?parent=5983"}],"wp:term":[{"taxonomy":"product_brand","embeddable":true,"href":"https:\/\/wpachem.com\/tr\/wp-json\/wp\/v2\/product_brand?post=5983"},{"taxonomy":"product_cat","embeddable":true,"href":"https:\/\/wpachem.com\/tr\/wp-json\/wp\/v2\/product_cat?post=5983"},{"taxonomy":"product_tag","embeddable":true,"href":"https:\/\/wpachem.com\/tr\/wp-json\/wp\/v2\/product_tag?post=5983"}],"curies":[{"name":"wp","href":"https:\/\/api.w.org\/{rel}","templated":true}]}}