{"id":5985,"date":"2024-02-07T06:18:50","date_gmt":"2024-02-07T06:18:50","guid":{"rendered":"https:\/\/wpachem.com\/?post_type=product&#038;p=5985"},"modified":"2024-02-07T06:21:59","modified_gmt":"2024-02-07T06:21:59","slug":"coenzyme-q10-cas-303-98-0","status":"publish","type":"product","link":"https:\/\/wpachem.com\/tr\/urun\/coenzyme-q10-cas-303-98-0\/","title":{"rendered":"Koenzim Q10 CAS 303-98-0"},"content":{"rendered":"<p><strong>\u00d6zellik<\/strong><\/p>\n<p>Sar\u0131 kristal toz<\/p>\n<p><strong>Ba\u015fvuru:<\/strong><\/p>\n<p>Koenzim Q10, oksidatif stresin h\u00fccre ve dokulara verdi\u011fi zarar\u0131 azaltmak amac\u0131yla sa\u011fl\u0131k takviyelerinde ve ya\u015flanma kar\u015f\u0131t\u0131 \u00fcr\u00fcnlerde yayg\u0131n olarak kullan\u0131lmaktad\u0131r.<br \/>\nKoenzim Q10 ayn\u0131 zamanda baz\u0131 kalp rahats\u0131zl\u0131klar\u0131, y\u00fcksek tansiyon, kas zay\u0131fl\u0131\u011f\u0131 ve di\u011fer baz\u0131 hastal\u0131klar\u0131n tedavisinde yard\u0131mc\u0131 tedavi olarak da kullan\u0131lmaktad\u0131r.<\/p>","protected":false},"excerpt":{"rendered":"<p>\u00dcr\u00fcn ad\u0131: Koenzim Q10<\/p>\n<p>Cas No:303-98-0<\/p>\n<p>MF\uff1aC59H90O4<\/p>\n<p>G\u00f6r\u00fcn\u00fcm: Sar\u0131 kristal toz<\/p>","protected":false},"featured_media":5830,"template":"","meta":{"_acf_changed":false,"_gspb_post_css":""},"product_brand":[],"product_cat":[55,131,103,60],"product_tag":[],"class_list":{"0":"post-5985","1":"product","2":"type-product","3":"status-publish","4":"has-post-thumbnail","6":"product_cat-food-additives","7":"product_cat-antioxidant","8":"product_cat-nutrition-enhancer","9":"product_cat-cosmetic-ingredients","11":"first","12":"instock","13":"shipping-taxable","14":"product-type-simple"},"acf":[],"_links":{"self":[{"href":"https:\/\/wpachem.com\/tr\/wp-json\/wp\/v2\/product\/5985","targetHints":{"allow":["GET"]}}],"collection":[{"href":"https:\/\/wpachem.com\/tr\/wp-json\/wp\/v2\/product"}],"about":[{"href":"https:\/\/wpachem.com\/tr\/wp-json\/wp\/v2\/types\/product"}],"version-history":[{"count":0,"href":"https:\/\/wpachem.com\/tr\/wp-json\/wp\/v2\/product\/5985\/revisions"}],"wp:featuredmedia":[{"embeddable":true,"href":"https:\/\/wpachem.com\/tr\/wp-json\/wp\/v2\/media\/5830"}],"wp:attachment":[{"href":"https:\/\/wpachem.com\/tr\/wp-json\/wp\/v2\/media?parent=5985"}],"wp:term":[{"taxonomy":"product_brand","embeddable":true,"href":"https:\/\/wpachem.com\/tr\/wp-json\/wp\/v2\/product_brand?post=5985"},{"taxonomy":"product_cat","embeddable":true,"href":"https:\/\/wpachem.com\/tr\/wp-json\/wp\/v2\/product_cat?post=5985"},{"taxonomy":"product_tag","embeddable":true,"href":"https:\/\/wpachem.com\/tr\/wp-json\/wp\/v2\/product_tag?post=5985"}],"curies":[{"name":"wp","href":"https:\/\/api.w.org\/{rel}","templated":true}]}}