{"id":5987,"date":"2024-02-07T06:28:55","date_gmt":"2024-02-07T06:28:55","guid":{"rendered":"https:\/\/wpachem.com\/?post_type=product&#038;p=5987"},"modified":"2024-02-07T06:28:56","modified_gmt":"2024-02-07T06:28:56","slug":"ylang-ylang-oil-cas-8006-81-3","status":"publish","type":"product","link":"https:\/\/wpachem.com\/tr\/urun\/ylang-ylang-oil-cas-8006-81-3\/","title":{"rendered":"Ylang Ylang Ya\u011f\u0131 CAS 8006-81-3"},"content":{"rendered":"<p><strong>\u00d6zellik<\/strong><\/p>\n<p>Karakteristik berrak \u00e7i\u00e7ek kokusuna sahip a\u00e7\u0131k sar\u0131 s\u0131v\u0131<\/p>\n<p><strong>Ba\u015fvuru:<\/strong><\/p>\n<p>Yenilebilir koku, ylang ylang \u00fcreme sisteminin bir\u00e7ok sorununu d\u00fczenleyebilir, kad\u0131n hormonlar\u0131n\u0131 dengelemek i\u00e7in tercih edilen ya\u011fd\u0131r. Depresyon, ilgisizlik, kayg\u0131, panik ve endokrin bozukluklar\u0131n\u0131 giderebilir<\/p>","protected":false},"excerpt":{"rendered":"<p>\u00dcr\u00fcn ad\u0131: Ylang Ylang Ya\u011f\u0131<\/p>\n<p>Cas no.:8006-81-3<\/p>\n<p>G\u00f6r\u00fcn\u00fcm: A\u00e7\u0131k sar\u0131 s\u0131v\u0131<\/p>","protected":false},"featured_media":3321,"template":"","meta":{"_acf_changed":false,"_gspb_post_css":""},"product_brand":[],"product_cat":[61],"product_tag":[],"class_list":{"0":"post-5987","1":"product","2":"type-product","3":"status-publish","4":"has-post-thumbnail","6":"product_cat-flavor-and-fragrance","8":"first","9":"instock","10":"shipping-taxable","11":"product-type-simple"},"acf":[],"_links":{"self":[{"href":"https:\/\/wpachem.com\/tr\/wp-json\/wp\/v2\/product\/5987","targetHints":{"allow":["GET"]}}],"collection":[{"href":"https:\/\/wpachem.com\/tr\/wp-json\/wp\/v2\/product"}],"about":[{"href":"https:\/\/wpachem.com\/tr\/wp-json\/wp\/v2\/types\/product"}],"version-history":[{"count":0,"href":"https:\/\/wpachem.com\/tr\/wp-json\/wp\/v2\/product\/5987\/revisions"}],"wp:featuredmedia":[{"embeddable":true,"href":"https:\/\/wpachem.com\/tr\/wp-json\/wp\/v2\/media\/3321"}],"wp:attachment":[{"href":"https:\/\/wpachem.com\/tr\/wp-json\/wp\/v2\/media?parent=5987"}],"wp:term":[{"taxonomy":"product_brand","embeddable":true,"href":"https:\/\/wpachem.com\/tr\/wp-json\/wp\/v2\/product_brand?post=5987"},{"taxonomy":"product_cat","embeddable":true,"href":"https:\/\/wpachem.com\/tr\/wp-json\/wp\/v2\/product_cat?post=5987"},{"taxonomy":"product_tag","embeddable":true,"href":"https:\/\/wpachem.com\/tr\/wp-json\/wp\/v2\/product_tag?post=5987"}],"curies":[{"name":"wp","href":"https:\/\/api.w.org\/{rel}","templated":true}]}}