{"id":5990,"date":"2024-02-07T06:34:48","date_gmt":"2024-02-07T06:34:48","guid":{"rendered":"https:\/\/wpachem.com\/?post_type=product&#038;p=5990"},"modified":"2024-04-26T05:39:53","modified_gmt":"2024-04-26T05:39:53","slug":"wintergreen-oil-cas-68917-75-9","status":"publish","type":"product","link":"https:\/\/wpachem.com\/tr\/urun\/wintergreen-oil-cas-68917-75-9\/","title":{"rendered":"K\u0131\u015f Ye\u015fili Ya\u011f\u0131 CAS 68917-75-9"},"content":{"rendered":"<p><strong>\u00d6zellik<\/strong><\/p>\n<p>Renksiz ila a\u00e7\u0131k sar\u0131 s\u0131v\u0131, 10.00% dipropilen glikol \u00e7\u00f6zeltisi. Taze tatl\u0131 Holly kokusu<\/p>\n<p><strong>Ba\u015fvuru:<\/strong><\/p>\n<p>Topikal bir k\u0131zar\u0131kl\u0131k giderici madde olarak, genellikle \u015fi\u015fli\u011fi azaltmak ve a\u011fr\u0131y\u0131 hafifletmek i\u00e7in kullan\u0131l\u0131r, ancak daha sonra kandaki demir iyonlar\u0131n\u0131n aktivitesini etkilemek gibi ilgili yan etkiler nedeniyle, nadiren dahiliye i\u00e7in kullan\u0131l\u0131r. Kutsal ya\u011f\u0131n lokal bir uyar\u0131c\u0131 etkisi vard\u0131r, lokal kan dola\u015f\u0131m\u0131n\u0131 te\u015fvik edebilir, harici uygulama veya lokal ovma cilt damarlar\u0131n\u0131n geni\u015flemesine, cilt k\u0131zar\u0131kl\u0131\u011f\u0131na ve di\u011fer uyar\u0131c\u0131 reaksiyonlara neden olabilir ve refleks olarak cildin, kaslar\u0131n, sinirlerin ve eklemlerin ilgili k\u0131s\u0131mlar\u0131n\u0131 etkiler, b\u00f6ylece \u015fi\u015flik, iltihap giderici ve analjezik etki g\u00f6sterir, ancak ayn\u0131 zamanda ka\u015f\u0131nt\u0131y\u0131 giderme etkisine de sahiptir. Burkulma, \u00e7\u00fcr\u00fck, lumbago, kas a\u011fr\u0131s\u0131, nevralji, ka\u015f\u0131nt\u0131 i\u00e7in kullan\u0131labilir.<\/p>","protected":false},"excerpt":{"rendered":"<p>\u00dcr\u00fcn ad\u0131: Wintergreen Ya\u011f\u0131<\/p>\n<p>Kasa no.:68917-75-9<\/p>\n<p>MF:C8H8O3<\/p>\n<p>G\u00f6r\u00fcn\u00fcm: Renksiz ila a\u00e7\u0131k sar\u0131 s\u0131v\u0131<\/p>","protected":false},"featured_media":4788,"template":"","meta":{"_acf_changed":false,"_gspb_post_css":""},"product_brand":[],"product_cat":[52,24],"product_tag":[],"class_list":{"0":"post-5990","1":"product","2":"type-product","3":"status-publish","4":"has-post-thumbnail","6":"product_cat-pigment","7":"product_cat-uncategorized","9":"first","10":"instock","11":"shipping-taxable","12":"product-type-simple"},"acf":[],"_links":{"self":[{"href":"https:\/\/wpachem.com\/tr\/wp-json\/wp\/v2\/product\/5990","targetHints":{"allow":["GET"]}}],"collection":[{"href":"https:\/\/wpachem.com\/tr\/wp-json\/wp\/v2\/product"}],"about":[{"href":"https:\/\/wpachem.com\/tr\/wp-json\/wp\/v2\/types\/product"}],"version-history":[{"count":0,"href":"https:\/\/wpachem.com\/tr\/wp-json\/wp\/v2\/product\/5990\/revisions"}],"wp:featuredmedia":[{"embeddable":true,"href":"https:\/\/wpachem.com\/tr\/wp-json\/wp\/v2\/media\/4788"}],"wp:attachment":[{"href":"https:\/\/wpachem.com\/tr\/wp-json\/wp\/v2\/media?parent=5990"}],"wp:term":[{"taxonomy":"product_brand","embeddable":true,"href":"https:\/\/wpachem.com\/tr\/wp-json\/wp\/v2\/product_brand?post=5990"},{"taxonomy":"product_cat","embeddable":true,"href":"https:\/\/wpachem.com\/tr\/wp-json\/wp\/v2\/product_cat?post=5990"},{"taxonomy":"product_tag","embeddable":true,"href":"https:\/\/wpachem.com\/tr\/wp-json\/wp\/v2\/product_tag?post=5990"}],"curies":[{"name":"wp","href":"https:\/\/api.w.org\/{rel}","templated":true}]}}